{"id":160,"date":"2015-02-28T12:00:00","date_gmt":"2015-02-28T11:00:00","guid":{"rendered":"http:\/\/joggingloisirbretignollais.com\/?page_id=160"},"modified":"2026-01-05T19:16:13","modified_gmt":"2026-01-05T18:16:13","slug":"informations-pratiques","status":"publish","type":"page","link":"http:\/\/joggingloisirbretignollais.com\/?page_id=160","title":{"rendered":"La Course des 2 Plages"},"content":{"rendered":"<h2 class=\"aligncenter\" style=\"text-align: center; color: #e05e80;\"><a href=\"https:\/\/www.klikego.com\/inscription\/course-des-2-plages-2026\/course-a-pied-running\/1620462461483-4?tab=-1\">Inscription sur la plateforme Klikego<\/a><\/h2>\n<h3 style=\"text-align: center; color: #e05e80;\">Validation de l&#8217;inscription<\/h3>\n<div>Afin de valider votre inscription, il vous faudra soit : <\/p>\n<ul>\n<li>votre <a href=\"https:\/\/pps.athle.fr\/\">votre PPS<\/a> : Pass Pr\u00e9vention Sant\u00e9<\/li>\n<div>Attention, le Parcours de Pr\u00e9vention Sant\u00e9 \u00e9volue et donne naissance du Pass Pr\u00e9vention Sant\u00e9. Ce pass est valable 1 an et co\u00fbte 5\u20ac <a href=\"https:\/\/www.athle.fr\/actualites\/la-federation-francaise-d-athletisme-renforce-sa-strategie-running-accompagnement-innovation-et-securite-au-coeur-des-priorites\/21766\">(plus d&#8217;informations)<\/a><\/div>\n<li>ou votre num\u00e9ro de Licence FFA pour l&#8217;ann\u00e9e 2025\/2026<\/li>\n<\/ul>\n<h2 style=\"text-align: center; color: #e05e80;\"><i class=\"fas fa-arrow-circle-right \" ><\/i> Informations pratiques<\/h2>\n<h3 style=\"text-align: center; color: #e05e80;\">Point navettes<\/h3>\n<div>Des navettes sont \u00e0 disposition des coureurs pour vous amener depuis la Plage de la Normandeli\u00e8re vers le site de d\u00e9part \u00e0 Saint-Gilles-Croix-de-Vie.<\/div>\n<div>La premi\u00e8re navette partira \u00e0 14h00 et la seconde \u00e0 14h30.<\/div>\n<div>Pass\u00e9 ces horaires, il faudra vous rendre par vos propres moyens au d\u00e9part.<\/div>\n<div><strong>Uniquement les coureurs ayant pris l&#8217;option navette \u00e0 2\u20ac lors des inscriptions pourront monter dans les navettes. Les navettes ne seront pas non accessibles aux accompagnateurs.<\/strong><\/div>\n<div><strong><i class=\"fas fa-ban \" ><\/i> Attention, pas de navettes pour la course de la corniche 4,7 km <i class=\"fas fa-ban \" ><\/i><\/strong><\/div>\n<div>&nbsp;<\/div>\n<h3 style=\"text-align: center; color: #e05e80;\">Information consignes<\/h3>\n<p>Il sera possible de laisser une consigne au d\u00e9part de chaque course. Elle sera ramen\u00e9e par nos b\u00e9n\u00e9voles sur le site de l&#8217;arriv\u00e9e.<\/p>\n<p>Pensez \u00e0 prendre un petit sac ferm\u00e9 avec vous pour y laisser vos affaires.<\/p>\n<p>&nbsp;<\/p>\n<h3 style=\"text-align: center; color: #e05e80;\">Apr\u00e8s la course<\/h3>\n<p style=\"color: #e05e80; text-align: left;\"><i class=\"fas fa-apple-alt \" ><\/i> Ravitaillement solide et liquide \u00e0 l&#8217;arriv\u00e9e<\/p>\n<p style=\"color: #e05e80; text-align: left;\"><i class=\"fas fa-shower \" ><\/i>Possibilit\u00e9 de prendre une douche<\/p>\n<p style=\"color: #e05e80; text-align: left;\"><i class=\"fas fa-music \" ><\/i> Animation musicale \u00e0 l&#8217;arriv\u00e9e<\/p>\n<p style=\"color: #e05e80; text-align: left;\">Buvette par le Jogging Loisir Br\u00e9tignollais<\/p>\n<p style=\"color: #e05e80; text-align: left;\">Restauration par la Cr\u00eaperie La Normandeli\u00e8re<\/p>\n<p style=\"color: #e05e80; text-align: left;\"><i class=\"fas fa-medal \" ><\/i> R\u00e9compense des 3 premiers au scratch sur chaque course H\/F<\/p>\n<p style=\"color: #e05e80; text-align: left;\"><i class=\"fas fa-medal \" ><\/i> R\u00e9compense pour le premier de chaque cat\u00e9gorie sur la course nature H\/F<\/p>\n<p><iframe loading=\"lazy\" src=\"\/\/umap.openstreetmap.fr\/fr\/map\/c2p_1208583?scaleControl=false&amp;miniMap=false&amp;scrollWheelZoom=true&amp;zoomControl=true&amp;editMode=disabled&amp;moreControl=true&amp;searchControl=null&amp;tilelayersControl=null&amp;embedControl=null&amp;datalayersControl=true&amp;onLoadPanel=none&amp;captionBar=false&amp;captionMenus=true#13\/46.6314\/-1.8993\" width=\"100%\" height=\"500px\" frameborder=\"0\" allowfullscreen=\"allowfullscreen\"><\/iframe><\/p>\n<p><a href=\"\/\/umap.openstreetmap.fr\/fr\/map\/c2p_1208583?scaleControl=false&amp;miniMap=false&amp;scrollWheelZoom=true&amp;zoomControl=true&amp;editMode=disabled&amp;moreControl=true&amp;searchControl=null&amp;tilelayersControl=null&amp;embedControl=null&amp;datalayersControl=true&amp;onLoadPanel=none&amp;captionBar=false&amp;captionMenus=true#13\/46.6314\/-1.8993\">Voir en plein \u00e9cran<\/a><\/p>\n<p><img loading=\"lazy\" decoding=\"async\" class=\"aligncenter wp-image-507314 size-large\" src=\"http:\/\/joggingloisirbretignollais.com\/wp-content\/uploads\/2024\/04\/A244598-1538x1024.jpg\" alt=\"\" width=\"800\" height=\"533\" srcset=\"http:\/\/joggingloisirbretignollais.com\/wp-content\/uploads\/2024\/04\/A244598-1538x1024.jpg 1538w, http:\/\/joggingloisirbretignollais.com\/wp-content\/uploads\/2024\/04\/A244598-300x200.jpg 300w, http:\/\/joggingloisirbretignollais.com\/wp-content\/uploads\/2024\/04\/A244598-768x511.jpg 768w, http:\/\/joggingloisirbretignollais.com\/wp-content\/uploads\/2024\/04\/A244598-1536x1022.jpg 1536w, http:\/\/joggingloisirbretignollais.com\/wp-content\/uploads\/2024\/04\/A244598-800x533.jpg 800w, http:\/\/joggingloisirbretignollais.com\/wp-content\/uploads\/2024\/04\/A244598.jpg 1920w\" sizes=\"(max-width: 800px) 100vw, 800px\" \/><\/p>\n<p style=\"text-align: center; color: #ff7fa1; font-size: 30px; text-shadow: 1px 1px 2px #d3d3d3; text-decoration: underline; text-decoration-style: wavy; text-decoration-color: #ff7fa1;\">COURSE NATURE 12,5 km<\/p>\n<h4 style=\"text-align: center;\">Partez de La Grande Plage de Saint-Gilles Croix de Vie, <br \/>longez le littoral, <br \/>traversez la for\u00eat,<br \/>retrouvez l&#8217;oc\u00e9an&nbsp;<br \/>et ralliez la plage de la Normandeli\u00e8re \u00e0 Br\u00e9tignolles-sur-Mer&nbsp;<\/h4>\n<p>&nbsp;<\/p>\n<p style=\"text-align: center; color: #ff7fa1; font-size: 30px; text-shadow: 1px 1px 2px #d3d3d3; text-decoration: underline; text-decoration-style: wavy; text-decoration-color: #ff7fa1;\">LA COURSE DE LA CORNICHE 4,7 km&nbsp;<\/p>\n<h4 style=\"text-align: center;\">Partez de l&#8217;Esplanade de la Sauzaie,<br \/>longez le littoral, <br \/>et retrouvez l&#8217;arriv\u00e9e sur la plage de la Normandeli\u00e8re \u00e0 Br\u00e9tignolles-sur-Mer&nbsp;<\/h4>\n<p>&nbsp;<\/p>\n<h4 style=\"text-align: center;\">Sans oublier, l&#8217;animation enfants sur le site d&#8217;arriv\u00e9e de la Normandeli\u00e8re<\/h4>\n<div>Le d\u00e9part de l&#8217;animation enfant sera donn\u00e9 \u00e0 15h30.<\/div>\n<p><img loading=\"lazy\" decoding=\"async\" class=\"aligncenter wp-image-507316 size-large\" src=\"http:\/\/joggingloisirbretignollais.com\/wp-content\/uploads\/2024\/04\/Photo-Pierre-2-1536x1024.jpg\" alt=\"\" width=\"800\" height=\"533\" srcset=\"http:\/\/joggingloisirbretignollais.com\/wp-content\/uploads\/2024\/04\/Photo-Pierre-2-1536x1024.jpg 1536w, http:\/\/joggingloisirbretignollais.com\/wp-content\/uploads\/2024\/04\/Photo-Pierre-2-300x200.jpg 300w, http:\/\/joggingloisirbretignollais.com\/wp-content\/uploads\/2024\/04\/Photo-Pierre-2-768x512.jpg 768w, http:\/\/joggingloisirbretignollais.com\/wp-content\/uploads\/2024\/04\/Photo-Pierre-2-2048x1365.jpg 2048w, http:\/\/joggingloisirbretignollais.com\/wp-content\/uploads\/2024\/04\/Photo-Pierre-2-800x533.jpg 800w\" sizes=\"(max-width: 800px) 100vw, 800px\" \/><\/p>\n<p><img loading=\"lazy\" decoding=\"async\" class=\"aligncenter wp-image-507315 size-large\" src=\"http:\/\/joggingloisirbretignollais.com\/wp-content\/uploads\/2024\/04\/A244833-1538x1024.jpg\" alt=\"\" width=\"800\" height=\"533\" srcset=\"http:\/\/joggingloisirbretignollais.com\/wp-content\/uploads\/2024\/04\/A244833-1538x1024.jpg 1538w, http:\/\/joggingloisirbretignollais.com\/wp-content\/uploads\/2024\/04\/A244833-300x200.jpg 300w, http:\/\/joggingloisirbretignollais.com\/wp-content\/uploads\/2024\/04\/A244833-768x511.jpg 768w, http:\/\/joggingloisirbretignollais.com\/wp-content\/uploads\/2024\/04\/A244833-1536x1022.jpg 1536w, http:\/\/joggingloisirbretignollais.com\/wp-content\/uploads\/2024\/04\/A244833-800x533.jpg 800w, http:\/\/joggingloisirbretignollais.com\/wp-content\/uploads\/2024\/04\/A244833.jpg 1920w\" sizes=\"(max-width: 800px) 100vw, 800px\" \/><\/p>\n<p>&nbsp;<\/p>\n<p style=\"text-align: center;\"><a style=\"color: #e05e80; font-size: 50px;\" href=\"http:\/\/joggingloisirbretignollais.com\/?page_id=160\">Retour sur l&#8217;\u00e9dition 2025<\/a><\/p>\n<p style=\"text-align: center;\">Un grand merci au <strong><a href=\"https:\/\/www.facebook.com\/ClubphotoBretignolles\">Photo Club Br\u00e9tignollais<\/a>, \u00e0 <a href=\"http:\/\/instagram.com\/romeoh_photo18\">Rom\u00e9o<\/a> et \u00e0 <a href=\"https:\/\/www.instagram.com\/photosbyleane\">L\u00e9ane<\/a><\/strong> pour les photos !<\/p>\n<p style=\"text-align: center;\"><a class=\"fasc-button fasc-size-medium fasc-type-flat fasc-ico-before dashicons-camera\" style=\"background-color: #33809e; color: #ffffff;\" target=\"_blank\" rel=\"noopener\" href=\"https:\/\/photos.app.goo.gl\/2vv3EgnBzHzBXTgD6\">Photos 2025 &#8211; D\u00e9part de la Grande Plage SGXV<\/a><\/p>\n<p style=\"text-align: center;\"><a class=\"fasc-button fasc-size-medium fasc-type-flat fasc-ico-before dashicons-camera\" style=\"background-color: #33809e; color: #ffffff;\" target=\"_blank\" rel=\"noopener\" href=\"https:\/\/photos.app.goo.gl\/hwWFkbff5ritLaTs9\">Photos 2025 &#8211; En for\u00eat<\/a><\/p>\n<p style=\"text-align: center;\"><a class=\"fasc-button fasc-size-medium fasc-type-flat fasc-ico-before dashicons-camera\" style=\"background-color: #33809e; color: #ffffff;\" target=\"_blank\" rel=\"noopener\" href=\"https:\/\/photos.app.goo.gl\/MHoNCkKnYQVoXKiXA\">Photos 2025 &#8211; La Sauzaie<\/a><\/p>\n<p style=\"text-align: center;\"><a class=\"fasc-button fasc-size-medium fasc-type-flat fasc-ico-before dashicons-camera\" style=\"background-color: #33809e; color: #ffffff;\" target=\"_blank\" rel=\"noopener\" href=\"https:\/\/photos.app.goo.gl\/hYQck9PUcNDnFCbE8\">Photos 2025 &#8211; Remont\u00e9e Grande Roche<\/a><\/p>\n<p style=\"text-align: center;\"><a class=\"fasc-button fasc-size-medium fasc-type-flat fasc-ico-before dashicons-camera\" style=\"background-color: #33809e; color: #ffffff;\" target=\"_blank\" rel=\"noopener\" href=\"https:\/\/photos.app.goo.gl\/DDGHDnmqWygJeRiLA\">Photos 2025 &#8211; Arriv\u00e9e<\/a><\/p>\n<p style=\"text-align: center;\"><a class=\"fasc-button fasc-size-medium fasc-type-flat fasc-ico-before dashicons-camera\" style=\"background-color: #33809e; color: #ffffff;\" target=\"_blank\" rel=\"noopener\" href=\"https:\/\/photos.app.goo.gl\/s5Zth61zcKYNhzQt7\">Photos 2025 &#8211; Podiums<\/a><\/p>\n<p style=\"text-align: center;\"><a class=\"fasc-button fasc-size-medium fasc-type-flat fasc-ico-before dashicons-camera\" style=\"background-color: #33809e; color: #ffffff;\" target=\"_blank\" rel=\"noopener\" href=\"https:\/\/photos.app.goo.gl\/tmxyjrwrqbgYvoai8\">Photos 2025 &#8211; Animations jeunes<\/a><\/p>\n<h3 style=\"text-align: center;\"><span style=\"color: #e05e80;\">Retrouvez les r\u00e9sultats<\/span><\/h3>\n<h3 style=\"text-align: center;\">&nbsp;&nbsp;<a class=\"fasc-button fasc-size-xlarge fasc-type-flat ico-fa fasc-ico-before fa-long-arrow-right\" style=\"background-color: #e05e80; color: #ffffff;\" rel=\"nofollow\" href=\"https:\/\/www.klikego.com\/resultats\/course-des-2-plages-2025\/1620462461483-3\">Classement g\u00e9n\u00e9ral 2025<\/a><\/h3>\n<div id=\"metaslider-id-507395\" style=\"max-width: 700px; margin: 0 auto;\" class=\"ml-slider-3-91-0 metaslider metaslider-nivo metaslider-507395 ml-slider has-onhover-arrows ms-theme-jenga\" role=\"region\" aria-roledescription=\"Slideshow\" aria-label=\"C2P 2025\">\n    <div id=\"metaslider_container_507395\">\n        <div class='slider-wrapper theme-default'><div class='ribbon'><\/div><div id='metaslider_507395' class='nivoSlider'><img loading=\"lazy\" decoding=\"async\" src=\"http:\/\/joggingloisirbretignollais.com\/wp-content\/uploads\/2025\/05\/Podium-_P6A1550-700x400.jpg\" height=\"400\" width=\"700\" title=\"Podium-_P6A1550\" alt=\"\" class=\"slider-507395 slide-507396\" \/><img loading=\"lazy\" decoding=\"async\" src=\"http:\/\/joggingloisirbretignollais.com\/wp-content\/uploads\/2025\/05\/Podium-_P6A1546-700x400.jpg\" height=\"400\" width=\"700\" title=\"Podium-_P6A1546\" alt=\"\" class=\"slider-507395 slide-507397\" \/><img loading=\"lazy\" decoding=\"async\" src=\"http:\/\/joggingloisirbretignollais.com\/wp-content\/uploads\/2025\/05\/Podium-_P6A1531-700x400.jpg\" height=\"400\" width=\"700\" title=\"Podium-_P6A1531\" alt=\"\" class=\"slider-507395 slide-507398\" \/><img loading=\"lazy\" decoding=\"async\" src=\"http:\/\/joggingloisirbretignollais.com\/wp-content\/uploads\/2025\/05\/St-Gilles-La-Sauzaie-_P6A1437-700x400.jpg\" height=\"400\" width=\"700\" title=\"St Gilles La Sauzaie-_P6A1437\" alt=\"\" class=\"slider-507395 slide-507399\" \/><img loading=\"lazy\" decoding=\"async\" src=\"http:\/\/joggingloisirbretignollais.com\/wp-content\/uploads\/2025\/05\/MG_4257-scaled-700x400.jpg\" height=\"400\" width=\"700\" title=\"_MG_4257\" alt=\"\" class=\"slider-507395 slide-507400\" \/><img loading=\"lazy\" decoding=\"async\" src=\"http:\/\/joggingloisirbretignollais.com\/wp-content\/uploads\/2025\/05\/MG_4249-scaled-700x400.jpg\" height=\"400\" width=\"700\" title=\"_MG_4249\" alt=\"\" class=\"slider-507395 slide-507401\" \/><img loading=\"lazy\" decoding=\"async\" src=\"http:\/\/joggingloisirbretignollais.com\/wp-content\/uploads\/2025\/05\/DSF0117-700x400.jpg\" height=\"400\" width=\"700\" title=\"_DSF0117\" alt=\"\" class=\"slider-507395 slide-507402\" \/><img loading=\"lazy\" decoding=\"async\" src=\"http:\/\/joggingloisirbretignollais.com\/wp-content\/uploads\/2025\/05\/DSF0090-700x400.jpg\" height=\"400\" width=\"700\" title=\"_DSF0090\" alt=\"\" class=\"slider-507395 slide-507403\" \/><img loading=\"lazy\" decoding=\"async\" src=\"http:\/\/joggingloisirbretignollais.com\/wp-content\/uploads\/2025\/05\/IMG_5727-scaled-700x400.jpg\" height=\"400\" width=\"700\" title=\"IMG_5727\" alt=\"\" class=\"slider-507395 slide-507404\" \/><img loading=\"lazy\" decoding=\"async\" src=\"http:\/\/joggingloisirbretignollais.com\/wp-content\/uploads\/2025\/05\/DSC02198-700x400.jpeg\" height=\"400\" width=\"700\" title=\"DSC02198\" alt=\"\" class=\"slider-507395 slide-507405\" \/><img loading=\"lazy\" decoding=\"async\" src=\"http:\/\/joggingloisirbretignollais.com\/wp-content\/uploads\/2025\/05\/DSC02133-700x400.jpeg\" height=\"400\" width=\"700\" title=\"DSC02133\" alt=\"\" class=\"slider-507395 slide-507406\" \/><img loading=\"lazy\" decoding=\"async\" src=\"http:\/\/joggingloisirbretignollais.com\/wp-content\/uploads\/2025\/05\/B242878-copie-700x400.jpg\" height=\"400\" width=\"700\" title=\"_B242878 copie\" alt=\"\" class=\"slider-507395 slide-507407\" \/><img loading=\"lazy\" decoding=\"async\" src=\"http:\/\/joggingloisirbretignollais.com\/wp-content\/uploads\/2025\/05\/B242915-copie-700x400.jpg\" height=\"400\" width=\"700\" title=\"_B242915 copie\" alt=\"\" class=\"slider-507395 slide-507408\" \/><img loading=\"lazy\" decoding=\"async\" src=\"http:\/\/joggingloisirbretignollais.com\/wp-content\/uploads\/2025\/05\/DSF3021-scaled-700x400.jpg\" height=\"400\" width=\"700\" title=\"_DSF3021\" alt=\"\" class=\"slider-507395 slide-507409\" \/><img loading=\"lazy\" decoding=\"async\" src=\"http:\/\/joggingloisirbretignollais.com\/wp-content\/uploads\/2025\/05\/DSF2985-scaled-700x400.jpg\" height=\"400\" width=\"700\" title=\"_DSF2985\" alt=\"\" class=\"slider-507395 slide-507411\" \/><\/div><\/div>\n        \n    <\/div>\n<\/div>\n","protected":false},"excerpt":{"rendered":"<p>Inscription sur la plateforme Klikego Validation de l&#8217;inscription Afin de valider votre inscription, il vous faudra soit : votre votre<\/p>\n","protected":false},"author":1,"featured_media":0,"parent":0,"menu_order":0,"comment_status":"closed","ping_status":"closed","template":"","meta":{"footnotes":""},"class_list":["post-160","page","type-page","status-publish","hentry"],"yoast_head":"<!-- This site is optimized with the Yoast SEO plugin v23.4 - https:\/\/yoast.com\/wordpress\/plugins\/seo\/ -->\n<title>La Course des 2 Plages - Jogging Loisir Br\u00e9tignollais<\/title>\n<meta name=\"robots\" content=\"index, follow, max-snippet:-1, max-image-preview:large, max-video-preview:-1\" \/>\n<link rel=\"canonical\" href=\"https:\/\/joggingloisirbretignollais.com\/?page_id=160\" \/>\n<meta property=\"og:locale\" content=\"fr_FR\" \/>\n<meta property=\"og:type\" content=\"article\" \/>\n<meta property=\"og:title\" content=\"La Course des 2 Plages - Jogging Loisir Br\u00e9tignollais\" \/>\n<meta property=\"og:description\" content=\"Inscription sur la plateforme Klikego Validation de l&#8217;inscription Afin de valider votre inscription, il vous faudra soit : votre votre\" \/>\n<meta property=\"og:url\" content=\"https:\/\/joggingloisirbretignollais.com\/?page_id=160\" \/>\n<meta property=\"og:site_name\" content=\"Jogging Loisir Br\u00e9tignollais\" \/>\n<meta property=\"article:publisher\" content=\"https:\/\/www.facebook.com\/Jogging-Loisir-Bretignollais-275760449249401\/timeline\/\" \/>\n<meta property=\"article:modified_time\" content=\"2026-01-05T18:16:13+00:00\" \/>\n<meta property=\"og:image\" content=\"http:\/\/joggingloisirbretignollais.com\/wp-content\/uploads\/2024\/04\/A244598-1538x1024.jpg\" \/>\n<meta name=\"twitter:card\" content=\"summary_large_image\" \/>\n<meta name=\"twitter:label1\" content=\"Dur\u00e9e de lecture estim\u00e9e\" \/>\n\t<meta name=\"twitter:data1\" content=\"3 minutes\" \/>\n<script type=\"application\/ld+json\" class=\"yoast-schema-graph\">{\"@context\":\"https:\/\/schema.org\",\"@graph\":[{\"@type\":\"WebPage\",\"@id\":\"https:\/\/joggingloisirbretignollais.com\/?page_id=160\",\"url\":\"https:\/\/joggingloisirbretignollais.com\/?page_id=160\",\"name\":\"La Course des 2 Plages - Jogging Loisir Br\u00e9tignollais\",\"isPartOf\":{\"@id\":\"http:\/\/joggingloisirbretignollais.com\/#website\"},\"primaryImageOfPage\":{\"@id\":\"https:\/\/joggingloisirbretignollais.com\/?page_id=160#primaryimage\"},\"image\":{\"@id\":\"https:\/\/joggingloisirbretignollais.com\/?page_id=160#primaryimage\"},\"thumbnailUrl\":\"http:\/\/joggingloisirbretignollais.com\/wp-content\/uploads\/2024\/04\/A244598-1538x1024.jpg\",\"datePublished\":\"2015-02-28T11:00:00+00:00\",\"dateModified\":\"2026-01-05T18:16:13+00:00\",\"breadcrumb\":{\"@id\":\"https:\/\/joggingloisirbretignollais.com\/?page_id=160#breadcrumb\"},\"inLanguage\":\"fr-FR\",\"potentialAction\":[{\"@type\":\"ReadAction\",\"target\":[\"https:\/\/joggingloisirbretignollais.com\/?page_id=160\"]}]},{\"@type\":\"ImageObject\",\"inLanguage\":\"fr-FR\",\"@id\":\"https:\/\/joggingloisirbretignollais.com\/?page_id=160#primaryimage\",\"url\":\"http:\/\/joggingloisirbretignollais.com\/wp-content\/uploads\/2024\/04\/A244598.jpg\",\"contentUrl\":\"http:\/\/joggingloisirbretignollais.com\/wp-content\/uploads\/2024\/04\/A244598.jpg\",\"width\":1920,\"height\":1278},{\"@type\":\"BreadcrumbList\",\"@id\":\"https:\/\/joggingloisirbretignollais.com\/?page_id=160#breadcrumb\",\"itemListElement\":[{\"@type\":\"ListItem\",\"position\":1,\"name\":\"Accueil\",\"item\":\"https:\/\/joggingloisirbretignollais.com\/\"},{\"@type\":\"ListItem\",\"position\":2,\"name\":\"La Course des 2 Plages\"}]},{\"@type\":\"WebSite\",\"@id\":\"http:\/\/joggingloisirbretignollais.com\/#website\",\"url\":\"http:\/\/joggingloisirbretignollais.com\/\",\"name\":\"Jogging Loisir Br\u00e9tignollais\",\"description\":\"courir \u00e0 Br\u00e9tignolles !\",\"publisher\":{\"@id\":\"http:\/\/joggingloisirbretignollais.com\/#organization\"},\"potentialAction\":[{\"@type\":\"SearchAction\",\"target\":{\"@type\":\"EntryPoint\",\"urlTemplate\":\"http:\/\/joggingloisirbretignollais.com\/?s={search_term_string}\"},\"query-input\":{\"@type\":\"PropertyValueSpecification\",\"valueRequired\":true,\"valueName\":\"search_term_string\"}}],\"inLanguage\":\"fr-FR\"},{\"@type\":\"Organization\",\"@id\":\"http:\/\/joggingloisirbretignollais.com\/#organization\",\"name\":\"Jogging Loisir Br\u00e9tignollais\",\"url\":\"http:\/\/joggingloisirbretignollais.com\/\",\"logo\":{\"@type\":\"ImageObject\",\"inLanguage\":\"fr-FR\",\"@id\":\"http:\/\/joggingloisirbretignollais.com\/#\/schema\/logo\/image\/\",\"url\":\"http:\/\/joggingloisirbretignollais.com\/wp-content\/uploads\/2015\/02\/logfffordd2-Copie1.jpg\",\"contentUrl\":\"http:\/\/joggingloisirbretignollais.com\/wp-content\/uploads\/2015\/02\/logfffordd2-Copie1.jpg\",\"width\":2304,\"height\":620,\"caption\":\"Jogging Loisir Br\u00e9tignollais\"},\"image\":{\"@id\":\"http:\/\/joggingloisirbretignollais.com\/#\/schema\/logo\/image\/\"},\"sameAs\":[\"https:\/\/www.facebook.com\/Jogging-Loisir-Bretignollais-275760449249401\/timeline\/\"]}]}<\/script>\n<!-- \/ Yoast SEO plugin. -->","yoast_head_json":{"title":"La Course des 2 Plages - Jogging Loisir Br\u00e9tignollais","robots":{"index":"index","follow":"follow","max-snippet":"max-snippet:-1","max-image-preview":"max-image-preview:large","max-video-preview":"max-video-preview:-1"},"canonical":"https:\/\/joggingloisirbretignollais.com\/?page_id=160","og_locale":"fr_FR","og_type":"article","og_title":"La Course des 2 Plages - Jogging Loisir Br\u00e9tignollais","og_description":"Inscription sur la plateforme Klikego Validation de l&#8217;inscription Afin de valider votre inscription, il vous faudra soit : votre votre","og_url":"https:\/\/joggingloisirbretignollais.com\/?page_id=160","og_site_name":"Jogging Loisir Br\u00e9tignollais","article_publisher":"https:\/\/www.facebook.com\/Jogging-Loisir-Bretignollais-275760449249401\/timeline\/","article_modified_time":"2026-01-05T18:16:13+00:00","og_image":[{"url":"http:\/\/joggingloisirbretignollais.com\/wp-content\/uploads\/2024\/04\/A244598-1538x1024.jpg"}],"twitter_card":"summary_large_image","twitter_misc":{"Dur\u00e9e de lecture estim\u00e9e":"3 minutes"},"schema":{"@context":"https:\/\/schema.org","@graph":[{"@type":"WebPage","@id":"https:\/\/joggingloisirbretignollais.com\/?page_id=160","url":"https:\/\/joggingloisirbretignollais.com\/?page_id=160","name":"La Course des 2 Plages - Jogging Loisir Br\u00e9tignollais","isPartOf":{"@id":"http:\/\/joggingloisirbretignollais.com\/#website"},"primaryImageOfPage":{"@id":"https:\/\/joggingloisirbretignollais.com\/?page_id=160#primaryimage"},"image":{"@id":"https:\/\/joggingloisirbretignollais.com\/?page_id=160#primaryimage"},"thumbnailUrl":"http:\/\/joggingloisirbretignollais.com\/wp-content\/uploads\/2024\/04\/A244598-1538x1024.jpg","datePublished":"2015-02-28T11:00:00+00:00","dateModified":"2026-01-05T18:16:13+00:00","breadcrumb":{"@id":"https:\/\/joggingloisirbretignollais.com\/?page_id=160#breadcrumb"},"inLanguage":"fr-FR","potentialAction":[{"@type":"ReadAction","target":["https:\/\/joggingloisirbretignollais.com\/?page_id=160"]}]},{"@type":"ImageObject","inLanguage":"fr-FR","@id":"https:\/\/joggingloisirbretignollais.com\/?page_id=160#primaryimage","url":"http:\/\/joggingloisirbretignollais.com\/wp-content\/uploads\/2024\/04\/A244598.jpg","contentUrl":"http:\/\/joggingloisirbretignollais.com\/wp-content\/uploads\/2024\/04\/A244598.jpg","width":1920,"height":1278},{"@type":"BreadcrumbList","@id":"https:\/\/joggingloisirbretignollais.com\/?page_id=160#breadcrumb","itemListElement":[{"@type":"ListItem","position":1,"name":"Accueil","item":"https:\/\/joggingloisirbretignollais.com\/"},{"@type":"ListItem","position":2,"name":"La Course des 2 Plages"}]},{"@type":"WebSite","@id":"http:\/\/joggingloisirbretignollais.com\/#website","url":"http:\/\/joggingloisirbretignollais.com\/","name":"Jogging Loisir Br\u00e9tignollais","description":"courir \u00e0 Br\u00e9tignolles !","publisher":{"@id":"http:\/\/joggingloisirbretignollais.com\/#organization"},"potentialAction":[{"@type":"SearchAction","target":{"@type":"EntryPoint","urlTemplate":"http:\/\/joggingloisirbretignollais.com\/?s={search_term_string}"},"query-input":{"@type":"PropertyValueSpecification","valueRequired":true,"valueName":"search_term_string"}}],"inLanguage":"fr-FR"},{"@type":"Organization","@id":"http:\/\/joggingloisirbretignollais.com\/#organization","name":"Jogging Loisir Br\u00e9tignollais","url":"http:\/\/joggingloisirbretignollais.com\/","logo":{"@type":"ImageObject","inLanguage":"fr-FR","@id":"http:\/\/joggingloisirbretignollais.com\/#\/schema\/logo\/image\/","url":"http:\/\/joggingloisirbretignollais.com\/wp-content\/uploads\/2015\/02\/logfffordd2-Copie1.jpg","contentUrl":"http:\/\/joggingloisirbretignollais.com\/wp-content\/uploads\/2015\/02\/logfffordd2-Copie1.jpg","width":2304,"height":620,"caption":"Jogging Loisir Br\u00e9tignollais"},"image":{"@id":"http:\/\/joggingloisirbretignollais.com\/#\/schema\/logo\/image\/"},"sameAs":["https:\/\/www.facebook.com\/Jogging-Loisir-Bretignollais-275760449249401\/timeline\/"]}]}},"_links":{"self":[{"href":"http:\/\/joggingloisirbretignollais.com\/index.php?rest_route=\/wp\/v2\/pages\/160"}],"collection":[{"href":"http:\/\/joggingloisirbretignollais.com\/index.php?rest_route=\/wp\/v2\/pages"}],"about":[{"href":"http:\/\/joggingloisirbretignollais.com\/index.php?rest_route=\/wp\/v2\/types\/page"}],"author":[{"embeddable":true,"href":"http:\/\/joggingloisirbretignollais.com\/index.php?rest_route=\/wp\/v2\/users\/1"}],"replies":[{"embeddable":true,"href":"http:\/\/joggingloisirbretignollais.com\/index.php?rest_route=%2Fwp%2Fv2%2Fcomments&post=160"}],"version-history":[{"count":169,"href":"http:\/\/joggingloisirbretignollais.com\/index.php?rest_route=\/wp\/v2\/pages\/160\/revisions"}],"predecessor-version":[{"id":507450,"href":"http:\/\/joggingloisirbretignollais.com\/index.php?rest_route=\/wp\/v2\/pages\/160\/revisions\/507450"}],"wp:attachment":[{"href":"http:\/\/joggingloisirbretignollais.com\/index.php?rest_route=%2Fwp%2Fv2%2Fmedia&parent=160"}],"curies":[{"name":"wp","href":"https:\/\/api.w.org\/{rel}","templated":true}]}}