{"id":164,"date":"2015-02-28T12:02:05","date_gmt":"2015-02-28T11:02:05","guid":{"rendered":"http:\/\/joggingloisirbretignollais.com\/?page_id=164"},"modified":"2025-05-06T12:34:39","modified_gmt":"2025-05-06T10:34:39","slug":"resultats-des-annees-precedentes","status":"publish","type":"page","link":"http:\/\/joggingloisirbretignollais.com\/?page_id=164","title":{"rendered":"R\u00e9sultats"},"content":{"rendered":"<h2><span style=\"color: #b60f67;\">R\u00e9sultats des ann\u00e9es pr\u00e9c\u00e9dentes<\/span><\/h2>\n<p><a class=\"fasc-button fasc-size-medium fasc-type-flat\" style=\"background-color: #33809e; color: #ffffff;\" target=\"_blank\" rel=\"noopener\" href=\"https:\/\/www.klikego.com\/resultats\/course-des-2-plages-2025\/1620462461483-3\">&gt;&gt; Classement g\u00e9n\u00e9ral 2025<\/a><\/p>\n<p><a class=\"fasc-button fasc-size-medium fasc-type-flat\" style=\"background-color: #33809e; color: #ffffff;\" target=\"_blank\" rel=\"noopener\" href=\"https:\/\/www.klikego.com\/resultats\/course-des-2-plages-2024\/1620462461483-2\">&gt;&gt; Classement g\u00e9n\u00e9ral 2024<\/a><\/p>\n<p><a class=\"fasc-button fasc-size-medium fasc-type-flat\" style=\"background-color: #33809e; color: #ffffff;\" target=\"_blank\" rel=\"noopener\" href=\"https:\/\/www.timepulse.fr\/epreuves\/resultats\/2133\">&gt;&gt; Classement g\u00e9n\u00e9ral 2023<\/a><\/p>\n<p><a class=\"fasc-button fasc-size-medium fasc-type-flat\" style=\"background-color: #33809e; color: #ffffff;\" target=\"_blank\" rel=\"noopener\" href=\"https:\/\/www.timepulse.run\/epreuves\/resultats\/1046\">&gt;&gt; Classement g\u00e9n\u00e9ral 2019<\/a><\/p>\n<p><a class=\"fasc-button fasc-size-medium fasc-type-flat\" style=\"background-color: #33809e; color: #ffffff;\" target=\"_blank\" rel=\"noopener\" href=\"https:\/\/www.timepulse.run\/epreuves\/resultats\/746\">&gt;&gt; Classement g\u00e9n\u00e9ral 2018<\/a><\/p>\n<p><a class=\"fasc-button fasc-size-medium fasc-type-flat\" style=\"background-color: #33809e; color: #ffffff;\" target=\"_blank\" rel=\"noopener\" href=\"http:\/\/www.bibchip-france.fr\/epreuves\/resultats\/523\">&gt;&gt; Classement g\u00e9n\u00e9ral 2017<\/a><\/p>\n<p><a class=\"fasc-button fasc-size-medium fasc-type-flat\" style=\"background-color: #33809e; color: #ffffff;\" target=\"_blank\" rel=\"noopener\" href=\"http:\/\/www.bibchip-france.fr\/epreuves\/resultats\/300\">&gt;&gt; Classement g\u00e9n\u00e9ral 2016<\/a><\/p>\n<p><a class=\"fasc-button fasc-size-medium fasc-type-flat\" style=\"background-color: #33809e; color: #ffffff;\" target=\"_blank\" rel=\"noopener\" href=\"http:\/\/www.bibchip-france.fr\/epreuves\/resultats\/130\">&gt;&gt; Classement g\u00e9n\u00e9ral 2015<\/a><\/p>\n<p><a class=\"fasc-button fasc-size-medium fasc-type-flat\" style=\"background-color: #33809e; color: #ffffff;\" target=\"_blank\" rel=\"noopener\" href=\"http:\/\/www.bibchip-france.fr\/epreuves\/resultats\/11\">&gt;&gt; Classement g\u00e9n\u00e9ral 2014<\/a><\/p>\n<p><a class=\"fasc-button fasc-size-medium fasc-type-flat\" style=\"background-color: #33809e; color: #ffffff;\" target=\"_blank\" rel=\"noopener\" href=\"http:\/\/joggingloisirbretignollais.com\/wp-content\/uploads\/resultats\/2013.pdf\">&gt;&gt; Classement g\u00e9n\u00e9ral 2013<\/a><\/p>\n<p><a class=\"fasc-button fasc-size-medium fasc-type-flat\" style=\"background-color: #33809e; color: #ffffff;\" target=\"_blank\" rel=\"noopener\" href=\"http:\/\/joggingloisirbretignollais.com\/wp-content\/uploads\/resultats\/2012.pdf\">&gt;&gt; Classement g\u00e9n\u00e9ral 2012<\/a><\/p>\n<p><a class=\"fasc-button fasc-size-medium fasc-type-flat\" style=\"background-color: #33809e; color: #ffffff;\" target=\"_blank\" rel=\"noopener\" href=\"http:\/\/joggingloisirbretignollais.com\/wp-content\/uploads\/resultats\/2011_general.pdf\">&gt;&gt; Classement g\u00e9n\u00e9ral 2011<\/a><\/p>\n<p><a class=\"fasc-button fasc-size-medium fasc-type-flat\" style=\"background-color: #33809e; color: #ffffff;\" target=\"_blank\" rel=\"noopener\" href=\"http:\/\/joggingloisirbretignollais.com\/wp-content\/uploads\/resultats\/2010.pdf\">&gt;&gt; Classement g\u00e9n\u00e9ral 2010<\/a><\/p>\n<p><a class=\"fasc-button fasc-size-medium fasc-type-flat\" style=\"background-color: #33809e; color: #ffffff;\" target=\"_blank\" rel=\"noopener\" href=\"http:\/\/joggingloisirbretignollais.com\/wp-content\/uploads\/resultats\/2009.pdf\">&gt;&gt; Classement g\u00e9n\u00e9ral 2009<\/a><\/p>\n","protected":false},"excerpt":{"rendered":"<p>R\u00e9sultats des ann\u00e9es pr\u00e9c\u00e9dentes &gt;&gt; Classement g\u00e9n\u00e9ral 2025 &gt;&gt; Classement g\u00e9n\u00e9ral 2024 &gt;&gt; Classement g\u00e9n\u00e9ral 2023 &gt;&gt; Classement g\u00e9n\u00e9ral 2019<\/p>\n","protected":false},"author":1,"featured_media":0,"parent":160,"menu_order":0,"comment_status":"closed","ping_status":"closed","template":"","meta":{"footnotes":""},"class_list":["post-164","page","type-page","status-publish","hentry"],"yoast_head":"<!-- This site is optimized with the Yoast SEO plugin v23.4 - https:\/\/yoast.com\/wordpress\/plugins\/seo\/ -->\n<title>R\u00e9sultats - Jogging Loisir Br\u00e9tignollais<\/title>\n<meta name=\"robots\" content=\"index, follow, max-snippet:-1, max-image-preview:large, max-video-preview:-1\" \/>\n<link rel=\"canonical\" href=\"http:\/\/joggingloisirbretignollais.com\/?page_id=164\" \/>\n<meta property=\"og:locale\" content=\"fr_FR\" \/>\n<meta property=\"og:type\" content=\"article\" \/>\n<meta property=\"og:title\" content=\"R\u00e9sultats - Jogging Loisir Br\u00e9tignollais\" \/>\n<meta property=\"og:description\" content=\"R\u00e9sultats des ann\u00e9es pr\u00e9c\u00e9dentes &gt;&gt; Classement g\u00e9n\u00e9ral 2025 &gt;&gt; Classement g\u00e9n\u00e9ral 2024 &gt;&gt; Classement g\u00e9n\u00e9ral 2023 &gt;&gt; Classement g\u00e9n\u00e9ral 2019\" \/>\n<meta property=\"og:url\" content=\"http:\/\/joggingloisirbretignollais.com\/?page_id=164\" \/>\n<meta property=\"og:site_name\" content=\"Jogging Loisir Br\u00e9tignollais\" \/>\n<meta property=\"article:publisher\" content=\"https:\/\/www.facebook.com\/Jogging-Loisir-Bretignollais-275760449249401\/timeline\/\" \/>\n<meta property=\"article:modified_time\" content=\"2025-05-06T10:34:39+00:00\" \/>\n<meta name=\"twitter:card\" content=\"summary_large_image\" \/>\n<meta name=\"twitter:label1\" content=\"Dur\u00e9e de lecture estim\u00e9e\" \/>\n\t<meta name=\"twitter:data1\" content=\"1 minute\" \/>\n<script type=\"application\/ld+json\" class=\"yoast-schema-graph\">{\"@context\":\"https:\/\/schema.org\",\"@graph\":[{\"@type\":\"WebPage\",\"@id\":\"http:\/\/joggingloisirbretignollais.com\/?page_id=164\",\"url\":\"http:\/\/joggingloisirbretignollais.com\/?page_id=164\",\"name\":\"R\u00e9sultats - Jogging Loisir Br\u00e9tignollais\",\"isPartOf\":{\"@id\":\"https:\/\/joggingloisirbretignollais.com\/#website\"},\"datePublished\":\"2015-02-28T11:02:05+00:00\",\"dateModified\":\"2025-05-06T10:34:39+00:00\",\"breadcrumb\":{\"@id\":\"http:\/\/joggingloisirbretignollais.com\/?page_id=164#breadcrumb\"},\"inLanguage\":\"fr-FR\",\"potentialAction\":[{\"@type\":\"ReadAction\",\"target\":[\"http:\/\/joggingloisirbretignollais.com\/?page_id=164\"]}]},{\"@type\":\"BreadcrumbList\",\"@id\":\"http:\/\/joggingloisirbretignollais.com\/?page_id=164#breadcrumb\",\"itemListElement\":[{\"@type\":\"ListItem\",\"position\":1,\"name\":\"Accueil\",\"item\":\"https:\/\/joggingloisirbretignollais.com\/\"},{\"@type\":\"ListItem\",\"position\":2,\"name\":\"La Course des 2 Plages\",\"item\":\"https:\/\/joggingloisirbretignollais.com\/?page_id=160\"},{\"@type\":\"ListItem\",\"position\":3,\"name\":\"R\u00e9sultats\"}]},{\"@type\":\"WebSite\",\"@id\":\"https:\/\/joggingloisirbretignollais.com\/#website\",\"url\":\"https:\/\/joggingloisirbretignollais.com\/\",\"name\":\"Jogging Loisir Br\u00e9tignollais\",\"description\":\"courir \u00e0 Br\u00e9tignolles !\",\"publisher\":{\"@id\":\"https:\/\/joggingloisirbretignollais.com\/#organization\"},\"potentialAction\":[{\"@type\":\"SearchAction\",\"target\":{\"@type\":\"EntryPoint\",\"urlTemplate\":\"https:\/\/joggingloisirbretignollais.com\/?s={search_term_string}\"},\"query-input\":{\"@type\":\"PropertyValueSpecification\",\"valueRequired\":true,\"valueName\":\"search_term_string\"}}],\"inLanguage\":\"fr-FR\"},{\"@type\":\"Organization\",\"@id\":\"https:\/\/joggingloisirbretignollais.com\/#organization\",\"name\":\"Jogging Loisir Br\u00e9tignollais\",\"url\":\"https:\/\/joggingloisirbretignollais.com\/\",\"logo\":{\"@type\":\"ImageObject\",\"inLanguage\":\"fr-FR\",\"@id\":\"https:\/\/joggingloisirbretignollais.com\/#\/schema\/logo\/image\/\",\"url\":\"http:\/\/joggingloisirbretignollais.com\/wp-content\/uploads\/2015\/02\/logfffordd2-Copie1.jpg\",\"contentUrl\":\"http:\/\/joggingloisirbretignollais.com\/wp-content\/uploads\/2015\/02\/logfffordd2-Copie1.jpg\",\"width\":2304,\"height\":620,\"caption\":\"Jogging Loisir Br\u00e9tignollais\"},\"image\":{\"@id\":\"https:\/\/joggingloisirbretignollais.com\/#\/schema\/logo\/image\/\"},\"sameAs\":[\"https:\/\/www.facebook.com\/Jogging-Loisir-Bretignollais-275760449249401\/timeline\/\"]}]}<\/script>\n<!-- \/ Yoast SEO plugin. -->","yoast_head_json":{"title":"R\u00e9sultats - Jogging Loisir Br\u00e9tignollais","robots":{"index":"index","follow":"follow","max-snippet":"max-snippet:-1","max-image-preview":"max-image-preview:large","max-video-preview":"max-video-preview:-1"},"canonical":"http:\/\/joggingloisirbretignollais.com\/?page_id=164","og_locale":"fr_FR","og_type":"article","og_title":"R\u00e9sultats - Jogging Loisir Br\u00e9tignollais","og_description":"R\u00e9sultats des ann\u00e9es pr\u00e9c\u00e9dentes &gt;&gt; Classement g\u00e9n\u00e9ral 2025 &gt;&gt; Classement g\u00e9n\u00e9ral 2024 &gt;&gt; Classement g\u00e9n\u00e9ral 2023 &gt;&gt; Classement g\u00e9n\u00e9ral 2019","og_url":"http:\/\/joggingloisirbretignollais.com\/?page_id=164","og_site_name":"Jogging Loisir Br\u00e9tignollais","article_publisher":"https:\/\/www.facebook.com\/Jogging-Loisir-Bretignollais-275760449249401\/timeline\/","article_modified_time":"2025-05-06T10:34:39+00:00","twitter_card":"summary_large_image","twitter_misc":{"Dur\u00e9e de lecture estim\u00e9e":"1 minute"},"schema":{"@context":"https:\/\/schema.org","@graph":[{"@type":"WebPage","@id":"http:\/\/joggingloisirbretignollais.com\/?page_id=164","url":"http:\/\/joggingloisirbretignollais.com\/?page_id=164","name":"R\u00e9sultats - Jogging Loisir Br\u00e9tignollais","isPartOf":{"@id":"https:\/\/joggingloisirbretignollais.com\/#website"},"datePublished":"2015-02-28T11:02:05+00:00","dateModified":"2025-05-06T10:34:39+00:00","breadcrumb":{"@id":"http:\/\/joggingloisirbretignollais.com\/?page_id=164#breadcrumb"},"inLanguage":"fr-FR","potentialAction":[{"@type":"ReadAction","target":["http:\/\/joggingloisirbretignollais.com\/?page_id=164"]}]},{"@type":"BreadcrumbList","@id":"http:\/\/joggingloisirbretignollais.com\/?page_id=164#breadcrumb","itemListElement":[{"@type":"ListItem","position":1,"name":"Accueil","item":"https:\/\/joggingloisirbretignollais.com\/"},{"@type":"ListItem","position":2,"name":"La Course des 2 Plages","item":"https:\/\/joggingloisirbretignollais.com\/?page_id=160"},{"@type":"ListItem","position":3,"name":"R\u00e9sultats"}]},{"@type":"WebSite","@id":"https:\/\/joggingloisirbretignollais.com\/#website","url":"https:\/\/joggingloisirbretignollais.com\/","name":"Jogging Loisir Br\u00e9tignollais","description":"courir \u00e0 Br\u00e9tignolles !","publisher":{"@id":"https:\/\/joggingloisirbretignollais.com\/#organization"},"potentialAction":[{"@type":"SearchAction","target":{"@type":"EntryPoint","urlTemplate":"https:\/\/joggingloisirbretignollais.com\/?s={search_term_string}"},"query-input":{"@type":"PropertyValueSpecification","valueRequired":true,"valueName":"search_term_string"}}],"inLanguage":"fr-FR"},{"@type":"Organization","@id":"https:\/\/joggingloisirbretignollais.com\/#organization","name":"Jogging Loisir Br\u00e9tignollais","url":"https:\/\/joggingloisirbretignollais.com\/","logo":{"@type":"ImageObject","inLanguage":"fr-FR","@id":"https:\/\/joggingloisirbretignollais.com\/#\/schema\/logo\/image\/","url":"http:\/\/joggingloisirbretignollais.com\/wp-content\/uploads\/2015\/02\/logfffordd2-Copie1.jpg","contentUrl":"http:\/\/joggingloisirbretignollais.com\/wp-content\/uploads\/2015\/02\/logfffordd2-Copie1.jpg","width":2304,"height":620,"caption":"Jogging Loisir Br\u00e9tignollais"},"image":{"@id":"https:\/\/joggingloisirbretignollais.com\/#\/schema\/logo\/image\/"},"sameAs":["https:\/\/www.facebook.com\/Jogging-Loisir-Bretignollais-275760449249401\/timeline\/"]}]}},"_links":{"self":[{"href":"http:\/\/joggingloisirbretignollais.com\/index.php?rest_route=\/wp\/v2\/pages\/164"}],"collection":[{"href":"http:\/\/joggingloisirbretignollais.com\/index.php?rest_route=\/wp\/v2\/pages"}],"about":[{"href":"http:\/\/joggingloisirbretignollais.com\/index.php?rest_route=\/wp\/v2\/types\/page"}],"author":[{"embeddable":true,"href":"http:\/\/joggingloisirbretignollais.com\/index.php?rest_route=\/wp\/v2\/users\/1"}],"replies":[{"embeddable":true,"href":"http:\/\/joggingloisirbretignollais.com\/index.php?rest_route=%2Fwp%2Fv2%2Fcomments&post=164"}],"version-history":[{"count":47,"href":"http:\/\/joggingloisirbretignollais.com\/index.php?rest_route=\/wp\/v2\/pages\/164\/revisions"}],"predecessor-version":[{"id":507374,"href":"http:\/\/joggingloisirbretignollais.com\/index.php?rest_route=\/wp\/v2\/pages\/164\/revisions\/507374"}],"up":[{"embeddable":true,"href":"http:\/\/joggingloisirbretignollais.com\/index.php?rest_route=\/wp\/v2\/pages\/160"}],"wp:attachment":[{"href":"http:\/\/joggingloisirbretignollais.com\/index.php?rest_route=%2Fwp%2Fv2%2Fmedia&parent=164"}],"curies":[{"name":"wp","href":"https:\/\/api.w.org\/{rel}","templated":true}]}}