{"id":20911,"date":"2016-02-20T09:39:11","date_gmt":"2016-02-20T08:39:11","guid":{"rendered":"http:\/\/joggingloisirbretignollais.com\/?page_id=20911"},"modified":"2022-05-02T10:44:52","modified_gmt":"2022-05-02T09:44:52","slug":"flayer-des-2-plages-2016-partenaires","status":"publish","type":"page","link":"https:\/\/joggingloisirbretignollais.com\/?page_id=20911","title":{"rendered":"Nos partenaires"},"content":{"rendered":"<p>Comme chaque ann\u00e9e, nous souhaitons remercier chaleureusement nos partenaires pour leur contribution \u00e0 notre belle course <span class=\"pq6dq46d tbxw36s4 knj5qynh kvgmc6g5 ditlmg2l oygrvhab nvdbi5me sf5mxxl7 gl3lb2sf hhz5lgdu\"><img loading=\"lazy\" decoding=\"async\" src=\"https:\/\/static.xx.fbcdn.net\/images\/emoji.php\/v9\/tfe\/2\/16\/1f31e.png\" alt=\"\ud83c\udf1e\" width=\"16\" height=\"16\" \/><\/span><\/p>\n<p><img loading=\"lazy\" decoding=\"async\" class=\"alignnone wp-image-506344\" src=\"http:\/\/joggingloisirbretignollais.com\/wp-content\/uploads\/2022\/05\/Panneau-web-300x300.png\" alt=\"\" width=\"547\" height=\"547\" srcset=\"https:\/\/joggingloisirbretignollais.com\/wp-content\/uploads\/2022\/05\/Panneau-web-300x300.png 300w, https:\/\/joggingloisirbretignollais.com\/wp-content\/uploads\/2022\/05\/Panneau-web-1024x1024.png 1024w, https:\/\/joggingloisirbretignollais.com\/wp-content\/uploads\/2022\/05\/Panneau-web-150x150.png 150w, https:\/\/joggingloisirbretignollais.com\/wp-content\/uploads\/2022\/05\/Panneau-web-768x768.png 768w, https:\/\/joggingloisirbretignollais.com\/wp-content\/uploads\/2022\/05\/Panneau-web-1536x1536.png 1536w, https:\/\/joggingloisirbretignollais.com\/wp-content\/uploads\/2022\/05\/Panneau-web-70x70.png 70w, https:\/\/joggingloisirbretignollais.com\/wp-content\/uploads\/2022\/05\/Panneau-web-400x400.png 400w, https:\/\/joggingloisirbretignollais.com\/wp-content\/uploads\/2022\/05\/Panneau-web-600x600.png 600w, https:\/\/joggingloisirbretignollais.com\/wp-content\/uploads\/2022\/05\/Panneau-web-75x75.png 75w, https:\/\/joggingloisirbretignollais.com\/wp-content\/uploads\/2022\/05\/Panneau-web.png 1772w\" sizes=\"(max-width: 547px) 100vw, 547px\" \/><\/p>\n<p>&nbsp;<\/p>\n<p>Nous remercions \u00e9galement nos partenaires institutionnels<\/p>\n<p><img loading=\"lazy\" decoding=\"async\" class=\"alignnone  wp-image-506348\" src=\"http:\/\/joggingloisirbretignollais.com\/wp-content\/uploads\/2022\/05\/Panneau-web-institutionnels_Plan-de-travail-1-copie-300x300.png\" alt=\"\" width=\"538\" height=\"538\" srcset=\"https:\/\/joggingloisirbretignollais.com\/wp-content\/uploads\/2022\/05\/Panneau-web-institutionnels_Plan-de-travail-1-copie-300x300.png 300w, https:\/\/joggingloisirbretignollais.com\/wp-content\/uploads\/2022\/05\/Panneau-web-institutionnels_Plan-de-travail-1-copie-1024x1024.png 1024w, https:\/\/joggingloisirbretignollais.com\/wp-content\/uploads\/2022\/05\/Panneau-web-institutionnels_Plan-de-travail-1-copie-150x150.png 150w, https:\/\/joggingloisirbretignollais.com\/wp-content\/uploads\/2022\/05\/Panneau-web-institutionnels_Plan-de-travail-1-copie-768x768.png 768w, https:\/\/joggingloisirbretignollais.com\/wp-content\/uploads\/2022\/05\/Panneau-web-institutionnels_Plan-de-travail-1-copie-1536x1536.png 1536w, https:\/\/joggingloisirbretignollais.com\/wp-content\/uploads\/2022\/05\/Panneau-web-institutionnels_Plan-de-travail-1-copie-70x70.png 70w, https:\/\/joggingloisirbretignollais.com\/wp-content\/uploads\/2022\/05\/Panneau-web-institutionnels_Plan-de-travail-1-copie-400x400.png 400w, https:\/\/joggingloisirbretignollais.com\/wp-content\/uploads\/2022\/05\/Panneau-web-institutionnels_Plan-de-travail-1-copie-600x600.png 600w, https:\/\/joggingloisirbretignollais.com\/wp-content\/uploads\/2022\/05\/Panneau-web-institutionnels_Plan-de-travail-1-copie-75x75.png 75w, https:\/\/joggingloisirbretignollais.com\/wp-content\/uploads\/2022\/05\/Panneau-web-institutionnels_Plan-de-travail-1-copie.png 1772w\" sizes=\"(max-width: 538px) 100vw, 538px\" \/><\/p>\n<p>&nbsp;<\/p>\n","protected":false},"excerpt":{"rendered":"<p>Comme chaque ann\u00e9e, nous souhaitons remercier chaleureusement nos partenaires pour leur contribution \u00e0 notre belle course &nbsp; Nous remercions \u00e9galement<\/p>\n","protected":false},"author":111,"featured_media":0,"parent":160,"menu_order":0,"comment_status":"closed","ping_status":"closed","template":"","meta":{"footnotes":""},"class_list":["post-20911","page","type-page","status-publish","hentry"],"yoast_head":"<!-- This site is optimized with the Yoast SEO plugin v23.4 - https:\/\/yoast.com\/wordpress\/plugins\/seo\/ -->\n<title>Nos partenaires - Jogging Loisir Br\u00e9tignollais<\/title>\n<meta name=\"robots\" content=\"index, follow, max-snippet:-1, max-image-preview:large, max-video-preview:-1\" \/>\n<link rel=\"canonical\" href=\"http:\/\/joggingloisirbretignollais.com\/?page_id=20911\" \/>\n<meta property=\"og:locale\" content=\"fr_FR\" \/>\n<meta property=\"og:type\" content=\"article\" \/>\n<meta property=\"og:title\" content=\"Nos partenaires - Jogging Loisir Br\u00e9tignollais\" \/>\n<meta property=\"og:description\" content=\"Comme chaque ann\u00e9e, nous souhaitons remercier chaleureusement nos partenaires pour leur contribution \u00e0 notre belle course &nbsp; Nous remercions \u00e9galement\" \/>\n<meta property=\"og:url\" content=\"http:\/\/joggingloisirbretignollais.com\/?page_id=20911\" \/>\n<meta property=\"og:site_name\" content=\"Jogging Loisir Br\u00e9tignollais\" \/>\n<meta property=\"article:publisher\" content=\"https:\/\/www.facebook.com\/Jogging-Loisir-Bretignollais-275760449249401\/timeline\/\" \/>\n<meta property=\"article:modified_time\" content=\"2022-05-02T09:44:52+00:00\" \/>\n<meta property=\"og:image\" content=\"https:\/\/static.xx.fbcdn.net\/images\/emoji.php\/v9\/tfe\/2\/16\/1f31e.png\" \/>\n<meta name=\"twitter:card\" content=\"summary_large_image\" \/>\n<meta name=\"twitter:label1\" content=\"Dur\u00e9e de lecture estim\u00e9e\" \/>\n\t<meta name=\"twitter:data1\" content=\"1 minute\" \/>\n<script type=\"application\/ld+json\" class=\"yoast-schema-graph\">{\"@context\":\"https:\/\/schema.org\",\"@graph\":[{\"@type\":\"WebPage\",\"@id\":\"http:\/\/joggingloisirbretignollais.com\/?page_id=20911\",\"url\":\"http:\/\/joggingloisirbretignollais.com\/?page_id=20911\",\"name\":\"Nos partenaires - Jogging Loisir Br\u00e9tignollais\",\"isPartOf\":{\"@id\":\"https:\/\/joggingloisirbretignollais.com\/#website\"},\"primaryImageOfPage\":{\"@id\":\"http:\/\/joggingloisirbretignollais.com\/?page_id=20911#primaryimage\"},\"image\":{\"@id\":\"http:\/\/joggingloisirbretignollais.com\/?page_id=20911#primaryimage\"},\"thumbnailUrl\":\"https:\/\/static.xx.fbcdn.net\/images\/emoji.php\/v9\/tfe\/2\/16\/1f31e.png\",\"datePublished\":\"2016-02-20T08:39:11+00:00\",\"dateModified\":\"2022-05-02T09:44:52+00:00\",\"breadcrumb\":{\"@id\":\"http:\/\/joggingloisirbretignollais.com\/?page_id=20911#breadcrumb\"},\"inLanguage\":\"fr-FR\",\"potentialAction\":[{\"@type\":\"ReadAction\",\"target\":[\"http:\/\/joggingloisirbretignollais.com\/?page_id=20911\"]}]},{\"@type\":\"ImageObject\",\"inLanguage\":\"fr-FR\",\"@id\":\"http:\/\/joggingloisirbretignollais.com\/?page_id=20911#primaryimage\",\"url\":\"https:\/\/static.xx.fbcdn.net\/images\/emoji.php\/v9\/tfe\/2\/16\/1f31e.png\",\"contentUrl\":\"https:\/\/static.xx.fbcdn.net\/images\/emoji.php\/v9\/tfe\/2\/16\/1f31e.png\"},{\"@type\":\"BreadcrumbList\",\"@id\":\"http:\/\/joggingloisirbretignollais.com\/?page_id=20911#breadcrumb\",\"itemListElement\":[{\"@type\":\"ListItem\",\"position\":1,\"name\":\"Accueil\",\"item\":\"https:\/\/joggingloisirbretignollais.com\/\"},{\"@type\":\"ListItem\",\"position\":2,\"name\":\"La Course des 2 Plages\",\"item\":\"https:\/\/joggingloisirbretignollais.com\/?page_id=160\"},{\"@type\":\"ListItem\",\"position\":3,\"name\":\"Nos partenaires\"}]},{\"@type\":\"WebSite\",\"@id\":\"https:\/\/joggingloisirbretignollais.com\/#website\",\"url\":\"https:\/\/joggingloisirbretignollais.com\/\",\"name\":\"Jogging Loisir Br\u00e9tignollais\",\"description\":\"courir \u00e0 Br\u00e9tignolles !\",\"publisher\":{\"@id\":\"https:\/\/joggingloisirbretignollais.com\/#organization\"},\"potentialAction\":[{\"@type\":\"SearchAction\",\"target\":{\"@type\":\"EntryPoint\",\"urlTemplate\":\"https:\/\/joggingloisirbretignollais.com\/?s={search_term_string}\"},\"query-input\":{\"@type\":\"PropertyValueSpecification\",\"valueRequired\":true,\"valueName\":\"search_term_string\"}}],\"inLanguage\":\"fr-FR\"},{\"@type\":\"Organization\",\"@id\":\"https:\/\/joggingloisirbretignollais.com\/#organization\",\"name\":\"Jogging Loisir Br\u00e9tignollais\",\"url\":\"https:\/\/joggingloisirbretignollais.com\/\",\"logo\":{\"@type\":\"ImageObject\",\"inLanguage\":\"fr-FR\",\"@id\":\"https:\/\/joggingloisirbretignollais.com\/#\/schema\/logo\/image\/\",\"url\":\"https:\/\/joggingloisirbretignollais.com\/wp-content\/uploads\/2015\/02\/logfffordd2-Copie1.jpg\",\"contentUrl\":\"https:\/\/joggingloisirbretignollais.com\/wp-content\/uploads\/2015\/02\/logfffordd2-Copie1.jpg\",\"width\":2304,\"height\":620,\"caption\":\"Jogging Loisir Br\u00e9tignollais\"},\"image\":{\"@id\":\"https:\/\/joggingloisirbretignollais.com\/#\/schema\/logo\/image\/\"},\"sameAs\":[\"https:\/\/www.facebook.com\/Jogging-Loisir-Bretignollais-275760449249401\/timeline\/\"]}]}<\/script>\n<!-- \/ Yoast SEO plugin. -->","yoast_head_json":{"title":"Nos partenaires - Jogging Loisir Br\u00e9tignollais","robots":{"index":"index","follow":"follow","max-snippet":"max-snippet:-1","max-image-preview":"max-image-preview:large","max-video-preview":"max-video-preview:-1"},"canonical":"http:\/\/joggingloisirbretignollais.com\/?page_id=20911","og_locale":"fr_FR","og_type":"article","og_title":"Nos partenaires - Jogging Loisir Br\u00e9tignollais","og_description":"Comme chaque ann\u00e9e, nous souhaitons remercier chaleureusement nos partenaires pour leur contribution \u00e0 notre belle course &nbsp; Nous remercions \u00e9galement","og_url":"http:\/\/joggingloisirbretignollais.com\/?page_id=20911","og_site_name":"Jogging Loisir Br\u00e9tignollais","article_publisher":"https:\/\/www.facebook.com\/Jogging-Loisir-Bretignollais-275760449249401\/timeline\/","article_modified_time":"2022-05-02T09:44:52+00:00","og_image":[{"url":"https:\/\/static.xx.fbcdn.net\/images\/emoji.php\/v9\/tfe\/2\/16\/1f31e.png"}],"twitter_card":"summary_large_image","twitter_misc":{"Dur\u00e9e de lecture estim\u00e9e":"1 minute"},"schema":{"@context":"https:\/\/schema.org","@graph":[{"@type":"WebPage","@id":"http:\/\/joggingloisirbretignollais.com\/?page_id=20911","url":"http:\/\/joggingloisirbretignollais.com\/?page_id=20911","name":"Nos partenaires - Jogging Loisir Br\u00e9tignollais","isPartOf":{"@id":"https:\/\/joggingloisirbretignollais.com\/#website"},"primaryImageOfPage":{"@id":"http:\/\/joggingloisirbretignollais.com\/?page_id=20911#primaryimage"},"image":{"@id":"http:\/\/joggingloisirbretignollais.com\/?page_id=20911#primaryimage"},"thumbnailUrl":"https:\/\/static.xx.fbcdn.net\/images\/emoji.php\/v9\/tfe\/2\/16\/1f31e.png","datePublished":"2016-02-20T08:39:11+00:00","dateModified":"2022-05-02T09:44:52+00:00","breadcrumb":{"@id":"http:\/\/joggingloisirbretignollais.com\/?page_id=20911#breadcrumb"},"inLanguage":"fr-FR","potentialAction":[{"@type":"ReadAction","target":["http:\/\/joggingloisirbretignollais.com\/?page_id=20911"]}]},{"@type":"ImageObject","inLanguage":"fr-FR","@id":"http:\/\/joggingloisirbretignollais.com\/?page_id=20911#primaryimage","url":"https:\/\/static.xx.fbcdn.net\/images\/emoji.php\/v9\/tfe\/2\/16\/1f31e.png","contentUrl":"https:\/\/static.xx.fbcdn.net\/images\/emoji.php\/v9\/tfe\/2\/16\/1f31e.png"},{"@type":"BreadcrumbList","@id":"http:\/\/joggingloisirbretignollais.com\/?page_id=20911#breadcrumb","itemListElement":[{"@type":"ListItem","position":1,"name":"Accueil","item":"https:\/\/joggingloisirbretignollais.com\/"},{"@type":"ListItem","position":2,"name":"La Course des 2 Plages","item":"https:\/\/joggingloisirbretignollais.com\/?page_id=160"},{"@type":"ListItem","position":3,"name":"Nos partenaires"}]},{"@type":"WebSite","@id":"https:\/\/joggingloisirbretignollais.com\/#website","url":"https:\/\/joggingloisirbretignollais.com\/","name":"Jogging Loisir Br\u00e9tignollais","description":"courir \u00e0 Br\u00e9tignolles !","publisher":{"@id":"https:\/\/joggingloisirbretignollais.com\/#organization"},"potentialAction":[{"@type":"SearchAction","target":{"@type":"EntryPoint","urlTemplate":"https:\/\/joggingloisirbretignollais.com\/?s={search_term_string}"},"query-input":{"@type":"PropertyValueSpecification","valueRequired":true,"valueName":"search_term_string"}}],"inLanguage":"fr-FR"},{"@type":"Organization","@id":"https:\/\/joggingloisirbretignollais.com\/#organization","name":"Jogging Loisir Br\u00e9tignollais","url":"https:\/\/joggingloisirbretignollais.com\/","logo":{"@type":"ImageObject","inLanguage":"fr-FR","@id":"https:\/\/joggingloisirbretignollais.com\/#\/schema\/logo\/image\/","url":"https:\/\/joggingloisirbretignollais.com\/wp-content\/uploads\/2015\/02\/logfffordd2-Copie1.jpg","contentUrl":"https:\/\/joggingloisirbretignollais.com\/wp-content\/uploads\/2015\/02\/logfffordd2-Copie1.jpg","width":2304,"height":620,"caption":"Jogging Loisir Br\u00e9tignollais"},"image":{"@id":"https:\/\/joggingloisirbretignollais.com\/#\/schema\/logo\/image\/"},"sameAs":["https:\/\/www.facebook.com\/Jogging-Loisir-Bretignollais-275760449249401\/timeline\/"]}]}},"_links":{"self":[{"href":"https:\/\/joggingloisirbretignollais.com\/index.php?rest_route=\/wp\/v2\/pages\/20911"}],"collection":[{"href":"https:\/\/joggingloisirbretignollais.com\/index.php?rest_route=\/wp\/v2\/pages"}],"about":[{"href":"https:\/\/joggingloisirbretignollais.com\/index.php?rest_route=\/wp\/v2\/types\/page"}],"author":[{"embeddable":true,"href":"https:\/\/joggingloisirbretignollais.com\/index.php?rest_route=\/wp\/v2\/users\/111"}],"replies":[{"embeddable":true,"href":"https:\/\/joggingloisirbretignollais.com\/index.php?rest_route=%2Fwp%2Fv2%2Fcomments&post=20911"}],"version-history":[{"count":15,"href":"https:\/\/joggingloisirbretignollais.com\/index.php?rest_route=\/wp\/v2\/pages\/20911\/revisions"}],"predecessor-version":[{"id":506349,"href":"https:\/\/joggingloisirbretignollais.com\/index.php?rest_route=\/wp\/v2\/pages\/20911\/revisions\/506349"}],"up":[{"embeddable":true,"href":"https:\/\/joggingloisirbretignollais.com\/index.php?rest_route=\/wp\/v2\/pages\/160"}],"wp:attachment":[{"href":"https:\/\/joggingloisirbretignollais.com\/index.php?rest_route=%2Fwp%2Fv2%2Fmedia&parent=20911"}],"curies":[{"name":"wp","href":"https:\/\/api.w.org\/{rel}","templated":true}]}}