{"id":24,"date":"2017-08-13T17:06:08","date_gmt":"2017-08-13T16:06:08","guid":{"rendered":"http:\/\/joggingloisirbretignollais.com\/?page_id=24"},"modified":"2026-01-05T20:23:25","modified_gmt":"2026-01-05T19:23:25","slug":"contacts","status":"publish","type":"page","link":"https:\/\/joggingloisirbretignollais.com\/?page_id=24","title":{"rendered":"S&#8217;inscrire au JLB"},"content":{"rendered":"\r\n<h2 class=\"has-text-color wp-block-heading\" style=\"color: #f67797;\"><span style=\"color: #b60f67;\">Inscriptions 2025-2026<\/span><\/h2>\r\n\r\n\r\n\r\n\r\n<p>Cette ann\u00e9e encore nous avons fait le choix de g\u00e9rer les inscriptions via HelloAsso. De votre c\u00f4t\u00e9 vous n&#8217;avez qu&#8217;\u00e0 choisir l&#8217;inscription qui vous convient : Loisir ou avec licence FFA puis vous laisser guider par le formulaire. Le paiement s&#8217;effectue en ligne, \u00e0 la fin de l&#8217;inscription.<\/p>\r\n<p style=\"color: #f67797;\">Oups, nous avons d\u00e9pass\u00e9 notre quota d&#8217;adh\u00e9rents pour assurer des entrainements de qualit\u00e9, les inscriptions sont donc finies pour cette saison, on se retrouve \u00e0 la rentr\u00e9e en septembre 2026 !<\/p>\r\n\r\n<!--\r\n<p>Pour acc\u00e9der au formulaire c'est par ici : <a href=\"https:\/\/www.helloasso.com\/associations\/jogging-loisir-bretignollais\/adhesions\/adhesion-2025-2026\" target=\"_blank\" rel=\"noopener\">https:\/\/www.helloasso.com\/associations\/jogging-loisir-bretignollais\/adhesions\/adhesion-2025-2026<\/a><\/p> \r\n-->\r\n\r\n<p><br \/><br \/>Attention : plus besoin de certificat m\u00e9dical pour adh\u00e9rer. <br \/><u>Pour les inscriptions loisirs : <\/u><br \/>Vous devez suivre le parcours pr\u00e9vention sant\u00e9 (PPS) via le lien suivant : <a href=\"https:\/\/pps.athle.fr\/\" target=\"_blank\" rel=\"noopener\">https:\/\/pps.athle.fr\/<\/a> et le joindre au formulaire d&#8217;inscription.<\/p>\r\n\r\n<p><u>Pour les inscriptions avec licence FFA :\u00a0<\/u><\/p>\r\n<p>Il est n\u00e9cessaire de suivre le parcours pr\u00e9vention sant\u00e9 sur son espace personnel (<a href=\"https:\/\/www.athle.fr\/acteur\" target=\"_blank\" rel=\"noopener\">https:\/\/www.athle.fr\/acteur<\/a>).<\/p>\r\n<ul>\r\n<li>Si vous avez d\u00e9j\u00e0 une licence 2024-2025 : vous pouvez vous rendre sur votre espace pour remplir le parcours pr\u00e9vention sant\u00e9.<\/li>\r\n<li>En cas de 1<sup>\u00e8re<\/sup> demande de licence\u00a0: vos identifiants vous seront transmis par mail apr\u00e8s enregistrement de votre fiche<\/li>\r\n<\/ul>\r\n\r\n\r\n\r\n<p><iframe id=\"haWidget\" style=\"width: 100%; height: 70px; border: none;\" src=\"https:\/\/www.helloasso.com\/associations\/jogging-loisir-bretignollais\/adhesions\/adhesion-2024-2025\/widget-bouton\"><\/iframe><\/p>\r\n\r\n<h2 class=\"wp-block-heading\"><span style=\"color: #b60f67;\">Nous contacter<\/span><\/h2>\r\n\r\n\r\n\r\n<p>Pour toute question sur le club ou pour une demande d&#8217;inscription au club, vous pouvez nous contacter par e-mail :<\/p>\r\n\r\n\r\n\r\n<p class=\"has-text-align-left\"><br \/><strong> <i class=\"fa fa-envelope-o \" ><\/i> \u00a0\u00a0<span class=\"class-input-libelle\"><a class=\"Class-Lien\" href=\"mailto:joggingloisirbretignollais@gmail.com?subject=SI-FFA\" target=\"_blank\" rel=\"noopener\">joggingloisirbretignollais@gmail.com<\/a><\/span>\u00a0\u00a0<\/strong><\/p>\r\n","protected":false},"excerpt":{"rendered":"<p>Inscriptions 2025-2026 Cette ann\u00e9e encore nous avons fait le choix de g\u00e9rer les inscriptions via HelloAsso. De votre c\u00f4t\u00e9 vous<\/p>\n","protected":false},"author":1,"featured_media":0,"parent":0,"menu_order":4,"comment_status":"closed","ping_status":"closed","template":"","meta":{"footnotes":""},"class_list":["post-24","page","type-page","status-publish","hentry"],"yoast_head":"<!-- This site is optimized with the Yoast SEO plugin v23.4 - https:\/\/yoast.com\/wordpress\/plugins\/seo\/ -->\n<title>S&#039;inscrire au JLB - Jogging Loisir Br\u00e9tignollais<\/title>\n<meta name=\"robots\" content=\"index, follow, max-snippet:-1, max-image-preview:large, max-video-preview:-1\" \/>\n<link rel=\"canonical\" href=\"https:\/\/joggingloisirbretignollais.com\/?page_id=24\" \/>\n<meta property=\"og:locale\" content=\"fr_FR\" \/>\n<meta property=\"og:type\" content=\"article\" \/>\n<meta property=\"og:title\" content=\"S&#039;inscrire au JLB - Jogging Loisir Br\u00e9tignollais\" \/>\n<meta property=\"og:description\" content=\"Inscriptions 2025-2026 Cette ann\u00e9e encore nous avons fait le choix de g\u00e9rer les inscriptions via HelloAsso. De votre c\u00f4t\u00e9 vous\" \/>\n<meta property=\"og:url\" content=\"https:\/\/joggingloisirbretignollais.com\/?page_id=24\" \/>\n<meta property=\"og:site_name\" content=\"Jogging Loisir Br\u00e9tignollais\" \/>\n<meta property=\"article:publisher\" content=\"https:\/\/www.facebook.com\/Jogging-Loisir-Bretignollais-275760449249401\/timeline\/\" \/>\n<meta property=\"article:modified_time\" content=\"2026-01-05T19:23:25+00:00\" \/>\n<meta name=\"twitter:card\" content=\"summary_large_image\" \/>\n<meta name=\"twitter:label1\" content=\"Dur\u00e9e de lecture estim\u00e9e\" \/>\n\t<meta name=\"twitter:data1\" content=\"1 minute\" \/>\n<script type=\"application\/ld+json\" class=\"yoast-schema-graph\">{\"@context\":\"https:\/\/schema.org\",\"@graph\":[{\"@type\":\"WebPage\",\"@id\":\"https:\/\/joggingloisirbretignollais.com\/?page_id=24\",\"url\":\"https:\/\/joggingloisirbretignollais.com\/?page_id=24\",\"name\":\"S'inscrire au JLB - Jogging Loisir Br\u00e9tignollais\",\"isPartOf\":{\"@id\":\"https:\/\/joggingloisirbretignollais.com\/#website\"},\"datePublished\":\"2017-08-13T16:06:08+00:00\",\"dateModified\":\"2026-01-05T19:23:25+00:00\",\"breadcrumb\":{\"@id\":\"https:\/\/joggingloisirbretignollais.com\/?page_id=24#breadcrumb\"},\"inLanguage\":\"fr-FR\",\"potentialAction\":[{\"@type\":\"ReadAction\",\"target\":[\"https:\/\/joggingloisirbretignollais.com\/?page_id=24\"]}]},{\"@type\":\"BreadcrumbList\",\"@id\":\"https:\/\/joggingloisirbretignollais.com\/?page_id=24#breadcrumb\",\"itemListElement\":[{\"@type\":\"ListItem\",\"position\":1,\"name\":\"Accueil\",\"item\":\"https:\/\/joggingloisirbretignollais.com\/\"},{\"@type\":\"ListItem\",\"position\":2,\"name\":\"S&#8217;inscrire au JLB\"}]},{\"@type\":\"WebSite\",\"@id\":\"https:\/\/joggingloisirbretignollais.com\/#website\",\"url\":\"https:\/\/joggingloisirbretignollais.com\/\",\"name\":\"Jogging Loisir Br\u00e9tignollais\",\"description\":\"courir \u00e0 Br\u00e9tignolles !\",\"publisher\":{\"@id\":\"https:\/\/joggingloisirbretignollais.com\/#organization\"},\"potentialAction\":[{\"@type\":\"SearchAction\",\"target\":{\"@type\":\"EntryPoint\",\"urlTemplate\":\"https:\/\/joggingloisirbretignollais.com\/?s={search_term_string}\"},\"query-input\":{\"@type\":\"PropertyValueSpecification\",\"valueRequired\":true,\"valueName\":\"search_term_string\"}}],\"inLanguage\":\"fr-FR\"},{\"@type\":\"Organization\",\"@id\":\"https:\/\/joggingloisirbretignollais.com\/#organization\",\"name\":\"Jogging Loisir Br\u00e9tignollais\",\"url\":\"https:\/\/joggingloisirbretignollais.com\/\",\"logo\":{\"@type\":\"ImageObject\",\"inLanguage\":\"fr-FR\",\"@id\":\"https:\/\/joggingloisirbretignollais.com\/#\/schema\/logo\/image\/\",\"url\":\"https:\/\/joggingloisirbretignollais.com\/wp-content\/uploads\/2015\/02\/logfffordd2-Copie1.jpg\",\"contentUrl\":\"https:\/\/joggingloisirbretignollais.com\/wp-content\/uploads\/2015\/02\/logfffordd2-Copie1.jpg\",\"width\":2304,\"height\":620,\"caption\":\"Jogging Loisir Br\u00e9tignollais\"},\"image\":{\"@id\":\"https:\/\/joggingloisirbretignollais.com\/#\/schema\/logo\/image\/\"},\"sameAs\":[\"https:\/\/www.facebook.com\/Jogging-Loisir-Bretignollais-275760449249401\/timeline\/\"]}]}<\/script>\n<!-- \/ Yoast SEO plugin. -->","yoast_head_json":{"title":"S'inscrire au JLB - Jogging Loisir Br\u00e9tignollais","robots":{"index":"index","follow":"follow","max-snippet":"max-snippet:-1","max-image-preview":"max-image-preview:large","max-video-preview":"max-video-preview:-1"},"canonical":"https:\/\/joggingloisirbretignollais.com\/?page_id=24","og_locale":"fr_FR","og_type":"article","og_title":"S'inscrire au JLB - Jogging Loisir Br\u00e9tignollais","og_description":"Inscriptions 2025-2026 Cette ann\u00e9e encore nous avons fait le choix de g\u00e9rer les inscriptions via HelloAsso. De votre c\u00f4t\u00e9 vous","og_url":"https:\/\/joggingloisirbretignollais.com\/?page_id=24","og_site_name":"Jogging Loisir Br\u00e9tignollais","article_publisher":"https:\/\/www.facebook.com\/Jogging-Loisir-Bretignollais-275760449249401\/timeline\/","article_modified_time":"2026-01-05T19:23:25+00:00","twitter_card":"summary_large_image","twitter_misc":{"Dur\u00e9e de lecture estim\u00e9e":"1 minute"},"schema":{"@context":"https:\/\/schema.org","@graph":[{"@type":"WebPage","@id":"https:\/\/joggingloisirbretignollais.com\/?page_id=24","url":"https:\/\/joggingloisirbretignollais.com\/?page_id=24","name":"S'inscrire au JLB - Jogging Loisir Br\u00e9tignollais","isPartOf":{"@id":"https:\/\/joggingloisirbretignollais.com\/#website"},"datePublished":"2017-08-13T16:06:08+00:00","dateModified":"2026-01-05T19:23:25+00:00","breadcrumb":{"@id":"https:\/\/joggingloisirbretignollais.com\/?page_id=24#breadcrumb"},"inLanguage":"fr-FR","potentialAction":[{"@type":"ReadAction","target":["https:\/\/joggingloisirbretignollais.com\/?page_id=24"]}]},{"@type":"BreadcrumbList","@id":"https:\/\/joggingloisirbretignollais.com\/?page_id=24#breadcrumb","itemListElement":[{"@type":"ListItem","position":1,"name":"Accueil","item":"https:\/\/joggingloisirbretignollais.com\/"},{"@type":"ListItem","position":2,"name":"S&#8217;inscrire au JLB"}]},{"@type":"WebSite","@id":"https:\/\/joggingloisirbretignollais.com\/#website","url":"https:\/\/joggingloisirbretignollais.com\/","name":"Jogging Loisir Br\u00e9tignollais","description":"courir \u00e0 Br\u00e9tignolles !","publisher":{"@id":"https:\/\/joggingloisirbretignollais.com\/#organization"},"potentialAction":[{"@type":"SearchAction","target":{"@type":"EntryPoint","urlTemplate":"https:\/\/joggingloisirbretignollais.com\/?s={search_term_string}"},"query-input":{"@type":"PropertyValueSpecification","valueRequired":true,"valueName":"search_term_string"}}],"inLanguage":"fr-FR"},{"@type":"Organization","@id":"https:\/\/joggingloisirbretignollais.com\/#organization","name":"Jogging Loisir Br\u00e9tignollais","url":"https:\/\/joggingloisirbretignollais.com\/","logo":{"@type":"ImageObject","inLanguage":"fr-FR","@id":"https:\/\/joggingloisirbretignollais.com\/#\/schema\/logo\/image\/","url":"https:\/\/joggingloisirbretignollais.com\/wp-content\/uploads\/2015\/02\/logfffordd2-Copie1.jpg","contentUrl":"https:\/\/joggingloisirbretignollais.com\/wp-content\/uploads\/2015\/02\/logfffordd2-Copie1.jpg","width":2304,"height":620,"caption":"Jogging Loisir Br\u00e9tignollais"},"image":{"@id":"https:\/\/joggingloisirbretignollais.com\/#\/schema\/logo\/image\/"},"sameAs":["https:\/\/www.facebook.com\/Jogging-Loisir-Bretignollais-275760449249401\/timeline\/"]}]}},"_links":{"self":[{"href":"https:\/\/joggingloisirbretignollais.com\/index.php?rest_route=\/wp\/v2\/pages\/24"}],"collection":[{"href":"https:\/\/joggingloisirbretignollais.com\/index.php?rest_route=\/wp\/v2\/pages"}],"about":[{"href":"https:\/\/joggingloisirbretignollais.com\/index.php?rest_route=\/wp\/v2\/types\/page"}],"author":[{"embeddable":true,"href":"https:\/\/joggingloisirbretignollais.com\/index.php?rest_route=\/wp\/v2\/users\/1"}],"replies":[{"embeddable":true,"href":"https:\/\/joggingloisirbretignollais.com\/index.php?rest_route=%2Fwp%2Fv2%2Fcomments&post=24"}],"version-history":[{"count":67,"href":"https:\/\/joggingloisirbretignollais.com\/index.php?rest_route=\/wp\/v2\/pages\/24\/revisions"}],"predecessor-version":[{"id":507323,"href":"https:\/\/joggingloisirbretignollais.com\/index.php?rest_route=\/wp\/v2\/pages\/24\/revisions\/507323"}],"wp:attachment":[{"href":"https:\/\/joggingloisirbretignollais.com\/index.php?rest_route=%2Fwp%2Fv2%2Fmedia&parent=24"}],"curies":[{"name":"wp","href":"https:\/\/api.w.org\/{rel}","templated":true}]}}