{"id":4,"date":"2015-02-19T14:31:52","date_gmt":"2015-02-19T13:31:52","guid":{"rendered":"http:\/\/joggingloisirbretignollais.com\/?page_id=4"},"modified":"2026-01-05T20:39:33","modified_gmt":"2026-01-05T19:39:33","slug":"accueil","status":"publish","type":"page","link":"https:\/\/joggingloisirbretignollais.com\/","title":{"rendered":"Jogging Loisir Br\u00e9tignollais"},"content":{"rendered":"<h3 style=\"text-align: center;\">&nbsp;&nbsp;<br \/>\n<a class=\"fasc-button fasc-size-xlarge fasc-type-flat ico-fa fasc-ico-before fa-long-arrow-right\" style=\"background-color: #f59ac0; color: #ffffff; border-radius: 10px; box-shadow: 0 4px 4px #d87da3; \" rel=\"nofollow\" href=\"https:\/\/www.klikego.com\/inscription\/course-des-2-plages-2026\/course-a-pied-running\/1620462461483-4?tab=-1\"> Je prends mon dossard<\/a><\/h3>\n<p><img decoding=\"async\" class=\"size-full wp-image-507425 aligncenter\" src=\"https:\/\/joggingloisirbretignollais.com\/wp-content\/uploads\/2025\/11\/Samedi-9-Mai-2026.png\" alt=\"save the date 2026\" \/><\/p>\n<p><img loading=\"lazy\" decoding=\"async\" class=\"aligncenter\" src=\"https:\/\/joggingloisirbretignollais.com\/wp-content\/uploads\/2026\/01\/C2P-affiche-2026.png\" alt=\"\" width=\"400\" height=\"266\"><\/p>\n<h2 style=\"text-align: center;\"><a href=\"https:\/\/joggingloisirbretignollais.com\/?page_id=160\">Toutes les informations utiles en cliquant ici<\/a><\/h2>\n","protected":false},"excerpt":{"rendered":"<p>&nbsp;&nbsp; Je prends mon dossard Toutes les informations utiles en cliquant ici<\/p>\n","protected":false},"author":2807,"featured_media":0,"parent":0,"menu_order":0,"comment_status":"closed","ping_status":"closed","template":"","meta":{"footnotes":""},"class_list":["post-4","page","type-page","status-publish","hentry"],"yoast_head":"<!-- This site is optimized with the Yoast SEO plugin v23.4 - https:\/\/yoast.com\/wordpress\/plugins\/seo\/ -->\n<title>Jogging Loisir Br\u00e9tignollais - Jogging Loisir Br\u00e9tignollais<\/title>\n<meta name=\"robots\" content=\"index, follow, max-snippet:-1, max-image-preview:large, max-video-preview:-1\" \/>\n<link rel=\"canonical\" href=\"http:\/\/joggingloisirbretignollais.com\/\" \/>\n<meta property=\"og:locale\" content=\"fr_FR\" \/>\n<meta property=\"og:type\" content=\"article\" \/>\n<meta property=\"og:title\" content=\"Jogging Loisir Br\u00e9tignollais - Jogging Loisir Br\u00e9tignollais\" \/>\n<meta property=\"og:description\" content=\"&nbsp;&nbsp; Je prends mon dossard Toutes les informations utiles en cliquant ici\" \/>\n<meta property=\"og:url\" content=\"http:\/\/joggingloisirbretignollais.com\/\" \/>\n<meta property=\"og:site_name\" content=\"Jogging Loisir Br\u00e9tignollais\" \/>\n<meta property=\"article:publisher\" content=\"https:\/\/www.facebook.com\/Jogging-Loisir-Bretignollais-275760449249401\/timeline\/\" \/>\n<meta property=\"article:modified_time\" content=\"2026-01-05T19:39:33+00:00\" \/>\n<meta property=\"og:image\" content=\"https:\/\/joggingloisirbretignollais.com\/wp-content\/uploads\/2025\/11\/Samedi-9-Mai-2026.png\" \/>\n<meta name=\"twitter:card\" content=\"summary_large_image\" \/>\n<meta name=\"twitter:label1\" content=\"Dur\u00e9e de lecture estim\u00e9e\" \/>\n\t<meta name=\"twitter:data1\" content=\"1 minute\" \/>\n<script type=\"application\/ld+json\" class=\"yoast-schema-graph\">{\"@context\":\"https:\/\/schema.org\",\"@graph\":[{\"@type\":\"WebPage\",\"@id\":\"http:\/\/joggingloisirbretignollais.com\/\",\"url\":\"http:\/\/joggingloisirbretignollais.com\/\",\"name\":\"Jogging Loisir Br\u00e9tignollais - Jogging Loisir Br\u00e9tignollais\",\"isPartOf\":{\"@id\":\"http:\/\/joggingloisirbretignollais.com\/#website\"},\"primaryImageOfPage\":{\"@id\":\"http:\/\/joggingloisirbretignollais.com\/#primaryimage\"},\"image\":{\"@id\":\"http:\/\/joggingloisirbretignollais.com\/#primaryimage\"},\"thumbnailUrl\":\"https:\/\/joggingloisirbretignollais.com\/wp-content\/uploads\/2025\/11\/Samedi-9-Mai-2026.png\",\"datePublished\":\"2015-02-19T13:31:52+00:00\",\"dateModified\":\"2026-01-05T19:39:33+00:00\",\"breadcrumb\":{\"@id\":\"http:\/\/joggingloisirbretignollais.com\/#breadcrumb\"},\"inLanguage\":\"fr-FR\",\"potentialAction\":[{\"@type\":\"ReadAction\",\"target\":[\"http:\/\/joggingloisirbretignollais.com\/\"]}]},{\"@type\":\"ImageObject\",\"inLanguage\":\"fr-FR\",\"@id\":\"http:\/\/joggingloisirbretignollais.com\/#primaryimage\",\"url\":\"https:\/\/joggingloisirbretignollais.com\/wp-content\/uploads\/2025\/11\/Samedi-9-Mai-2026.png\",\"contentUrl\":\"https:\/\/joggingloisirbretignollais.com\/wp-content\/uploads\/2025\/11\/Samedi-9-Mai-2026.png\"},{\"@type\":\"BreadcrumbList\",\"@id\":\"http:\/\/joggingloisirbretignollais.com\/#breadcrumb\",\"itemListElement\":[{\"@type\":\"ListItem\",\"position\":1,\"name\":\"Accueil\",\"item\":\"http:\/\/joggingloisirbretignollais.com\/\"},{\"@type\":\"ListItem\",\"position\":2,\"name\":\"Jogging Loisir Br\u00e9tignollais\"}]},{\"@type\":\"WebSite\",\"@id\":\"http:\/\/joggingloisirbretignollais.com\/#website\",\"url\":\"http:\/\/joggingloisirbretignollais.com\/\",\"name\":\"Jogging Loisir Br\u00e9tignollais\",\"description\":\"courir \u00e0 Br\u00e9tignolles !\",\"publisher\":{\"@id\":\"http:\/\/joggingloisirbretignollais.com\/#organization\"},\"potentialAction\":[{\"@type\":\"SearchAction\",\"target\":{\"@type\":\"EntryPoint\",\"urlTemplate\":\"http:\/\/joggingloisirbretignollais.com\/?s={search_term_string}\"},\"query-input\":{\"@type\":\"PropertyValueSpecification\",\"valueRequired\":true,\"valueName\":\"search_term_string\"}}],\"inLanguage\":\"fr-FR\"},{\"@type\":\"Organization\",\"@id\":\"http:\/\/joggingloisirbretignollais.com\/#organization\",\"name\":\"Jogging Loisir Br\u00e9tignollais\",\"url\":\"http:\/\/joggingloisirbretignollais.com\/\",\"logo\":{\"@type\":\"ImageObject\",\"inLanguage\":\"fr-FR\",\"@id\":\"http:\/\/joggingloisirbretignollais.com\/#\/schema\/logo\/image\/\",\"url\":\"https:\/\/joggingloisirbretignollais.com\/wp-content\/uploads\/2015\/02\/logfffordd2-Copie1.jpg\",\"contentUrl\":\"https:\/\/joggingloisirbretignollais.com\/wp-content\/uploads\/2015\/02\/logfffordd2-Copie1.jpg\",\"width\":2304,\"height\":620,\"caption\":\"Jogging Loisir Br\u00e9tignollais\"},\"image\":{\"@id\":\"http:\/\/joggingloisirbretignollais.com\/#\/schema\/logo\/image\/\"},\"sameAs\":[\"https:\/\/www.facebook.com\/Jogging-Loisir-Bretignollais-275760449249401\/timeline\/\"]}]}<\/script>\n<!-- \/ Yoast SEO plugin. -->","yoast_head_json":{"title":"Jogging Loisir Br\u00e9tignollais - Jogging Loisir Br\u00e9tignollais","robots":{"index":"index","follow":"follow","max-snippet":"max-snippet:-1","max-image-preview":"max-image-preview:large","max-video-preview":"max-video-preview:-1"},"canonical":"http:\/\/joggingloisirbretignollais.com\/","og_locale":"fr_FR","og_type":"article","og_title":"Jogging Loisir Br\u00e9tignollais - Jogging Loisir Br\u00e9tignollais","og_description":"&nbsp;&nbsp; Je prends mon dossard Toutes les informations utiles en cliquant ici","og_url":"http:\/\/joggingloisirbretignollais.com\/","og_site_name":"Jogging Loisir Br\u00e9tignollais","article_publisher":"https:\/\/www.facebook.com\/Jogging-Loisir-Bretignollais-275760449249401\/timeline\/","article_modified_time":"2026-01-05T19:39:33+00:00","og_image":[{"url":"https:\/\/joggingloisirbretignollais.com\/wp-content\/uploads\/2025\/11\/Samedi-9-Mai-2026.png"}],"twitter_card":"summary_large_image","twitter_misc":{"Dur\u00e9e de lecture estim\u00e9e":"1 minute"},"schema":{"@context":"https:\/\/schema.org","@graph":[{"@type":"WebPage","@id":"http:\/\/joggingloisirbretignollais.com\/","url":"http:\/\/joggingloisirbretignollais.com\/","name":"Jogging Loisir Br\u00e9tignollais - Jogging Loisir Br\u00e9tignollais","isPartOf":{"@id":"http:\/\/joggingloisirbretignollais.com\/#website"},"primaryImageOfPage":{"@id":"http:\/\/joggingloisirbretignollais.com\/#primaryimage"},"image":{"@id":"http:\/\/joggingloisirbretignollais.com\/#primaryimage"},"thumbnailUrl":"https:\/\/joggingloisirbretignollais.com\/wp-content\/uploads\/2025\/11\/Samedi-9-Mai-2026.png","datePublished":"2015-02-19T13:31:52+00:00","dateModified":"2026-01-05T19:39:33+00:00","breadcrumb":{"@id":"http:\/\/joggingloisirbretignollais.com\/#breadcrumb"},"inLanguage":"fr-FR","potentialAction":[{"@type":"ReadAction","target":["http:\/\/joggingloisirbretignollais.com\/"]}]},{"@type":"ImageObject","inLanguage":"fr-FR","@id":"http:\/\/joggingloisirbretignollais.com\/#primaryimage","url":"https:\/\/joggingloisirbretignollais.com\/wp-content\/uploads\/2025\/11\/Samedi-9-Mai-2026.png","contentUrl":"https:\/\/joggingloisirbretignollais.com\/wp-content\/uploads\/2025\/11\/Samedi-9-Mai-2026.png"},{"@type":"BreadcrumbList","@id":"http:\/\/joggingloisirbretignollais.com\/#breadcrumb","itemListElement":[{"@type":"ListItem","position":1,"name":"Accueil","item":"http:\/\/joggingloisirbretignollais.com\/"},{"@type":"ListItem","position":2,"name":"Jogging Loisir Br\u00e9tignollais"}]},{"@type":"WebSite","@id":"http:\/\/joggingloisirbretignollais.com\/#website","url":"http:\/\/joggingloisirbretignollais.com\/","name":"Jogging Loisir Br\u00e9tignollais","description":"courir \u00e0 Br\u00e9tignolles !","publisher":{"@id":"http:\/\/joggingloisirbretignollais.com\/#organization"},"potentialAction":[{"@type":"SearchAction","target":{"@type":"EntryPoint","urlTemplate":"http:\/\/joggingloisirbretignollais.com\/?s={search_term_string}"},"query-input":{"@type":"PropertyValueSpecification","valueRequired":true,"valueName":"search_term_string"}}],"inLanguage":"fr-FR"},{"@type":"Organization","@id":"http:\/\/joggingloisirbretignollais.com\/#organization","name":"Jogging Loisir Br\u00e9tignollais","url":"http:\/\/joggingloisirbretignollais.com\/","logo":{"@type":"ImageObject","inLanguage":"fr-FR","@id":"http:\/\/joggingloisirbretignollais.com\/#\/schema\/logo\/image\/","url":"https:\/\/joggingloisirbretignollais.com\/wp-content\/uploads\/2015\/02\/logfffordd2-Copie1.jpg","contentUrl":"https:\/\/joggingloisirbretignollais.com\/wp-content\/uploads\/2015\/02\/logfffordd2-Copie1.jpg","width":2304,"height":620,"caption":"Jogging Loisir Br\u00e9tignollais"},"image":{"@id":"http:\/\/joggingloisirbretignollais.com\/#\/schema\/logo\/image\/"},"sameAs":["https:\/\/www.facebook.com\/Jogging-Loisir-Bretignollais-275760449249401\/timeline\/"]}]}},"_links":{"self":[{"href":"https:\/\/joggingloisirbretignollais.com\/index.php?rest_route=\/wp\/v2\/pages\/4"}],"collection":[{"href":"https:\/\/joggingloisirbretignollais.com\/index.php?rest_route=\/wp\/v2\/pages"}],"about":[{"href":"https:\/\/joggingloisirbretignollais.com\/index.php?rest_route=\/wp\/v2\/types\/page"}],"author":[{"embeddable":true,"href":"https:\/\/joggingloisirbretignollais.com\/index.php?rest_route=\/wp\/v2\/users\/2807"}],"replies":[{"embeddable":true,"href":"https:\/\/joggingloisirbretignollais.com\/index.php?rest_route=%2Fwp%2Fv2%2Fcomments&post=4"}],"version-history":[{"count":185,"href":"https:\/\/joggingloisirbretignollais.com\/index.php?rest_route=\/wp\/v2\/pages\/4\/revisions"}],"predecessor-version":[{"id":507424,"href":"https:\/\/joggingloisirbretignollais.com\/index.php?rest_route=\/wp\/v2\/pages\/4\/revisions\/507424"}],"wp:attachment":[{"href":"https:\/\/joggingloisirbretignollais.com\/index.php?rest_route=%2Fwp%2Fv2%2Fmedia&parent=4"}],"curies":[{"name":"wp","href":"https:\/\/api.w.org\/{rel}","templated":true}]}}