{"id":53,"date":"2015-02-19T23:12:35","date_gmt":"2015-02-19T22:12:35","guid":{"rendered":"http:\/\/joggingloisirbretignollais.com\/?page_id=53"},"modified":"2025-05-06T12:26:34","modified_gmt":"2025-05-06T10:26:34","slug":"photos","status":"publish","type":"page","link":"https:\/\/joggingloisirbretignollais.com\/?page_id=53","title":{"rendered":"Photos"},"content":{"rendered":"<h2><span style=\"color: #b60f67;\">Photos de l&#8217;\u00e9dition 2025<\/span><\/h2>\n<p>Un grand merci au <strong>Photo Club Br\u00e9tignollais, \u00e0 <a href=\"http:\/\/instagram.com\/romeoh_photo18\">Rom\u00e9o<\/a> et \u00e0 <a href=\"https:\/\/www.instagram.com\/photosbyleane\">L\u00e9ane<\/a><\/strong> pour les photos !<\/p>\n<p><a class=\"fasc-button fasc-size-medium fasc-type-flat fasc-ico-before dashicons-camera\" style=\"background-color: #33809e; color: #ffffff;\" target=\"_blank\" rel=\"noopener\" href=\"https:\/\/photos.app.goo.gl\/2vv3EgnBzHzBXTgD6\">Photos 2025 &#8211; D\u00e9part de la Grande Plage SGXV<\/a><\/p>\n<p><a class=\"fasc-button fasc-size-medium fasc-type-flat fasc-ico-before dashicons-camera\" style=\"background-color: #33809e; color: #ffffff;\" target=\"_blank\" rel=\"noopener\" href=\"https:\/\/photos.app.goo.gl\/hwWFkbff5ritLaTs9\">Photos 2025 &#8211; En for\u00eat<\/a><\/p>\n<p><a class=\"fasc-button fasc-size-medium fasc-type-flat fasc-ico-before dashicons-camera\" style=\"background-color: #33809e; color: #ffffff;\" target=\"_blank\" rel=\"noopener\" href=\"https:\/\/photos.app.goo.gl\/MHoNCkKnYQVoXKiXA\">Photos 2025 &#8211; La Sauzaie<\/a><\/p>\n<p><a class=\"fasc-button fasc-size-medium fasc-type-flat fasc-ico-before dashicons-camera\" style=\"background-color: #33809e; color: #ffffff;\" target=\"_blank\" rel=\"noopener\" href=\"https:\/\/photos.app.goo.gl\/hYQck9PUcNDnFCbE8\">Photos 2025 &#8211; Remont\u00e9e Grande Roche<\/a><\/p>\n<p><a class=\"fasc-button fasc-size-medium fasc-type-flat fasc-ico-before dashicons-camera\" style=\"background-color: #33809e; color: #ffffff;\" target=\"_blank\" rel=\"noopener\" href=\"https:\/\/photos.app.goo.gl\/DDGHDnmqWygJeRiLA\">Photos 2025 &#8211; Arriv\u00e9e<\/a><\/p>\n<p><a class=\"fasc-button fasc-size-medium fasc-type-flat fasc-ico-before dashicons-camera\" style=\"background-color: #33809e; color: #ffffff;\" target=\"_blank\" rel=\"noopener\" href=\"https:\/\/photos.app.goo.gl\/s5Zth61zcKYNhzQt7\">Photos 2025 &#8211; Podiums<\/a><\/p>\n<p><a class=\"fasc-button fasc-size-medium fasc-type-flat fasc-ico-before dashicons-camera\" style=\"background-color: #33809e; color: #ffffff;\" target=\"_blank\" rel=\"noopener\" href=\"https:\/\/photos.app.goo.gl\/tmxyjrwrqbgYvoai8\">Photos 2025 &#8211; Animations jeunes<\/a><\/p>\n<h2><span style=\"color: #b60f67;\">Photos de l&#8217;\u00e9dition 2024<\/span><\/h2>\n<p>Un grand merci au <strong>Photo Club Br\u00e9tignollais<\/strong> pour les photos et l&#8217;accompagnement depuis de nombreuses ann\u00e9es !<\/p>\n<p><a class=\"fasc-button fasc-size-medium fasc-type-flat fasc-ico-before dashicons-camera\" style=\"background-color: #33809e; color: #ffffff;\" target=\"_blank\" rel=\"noopener\" href=\"https:\/\/photos.app.goo.gl\/XD5jthV1ehAXysxW6\">Photos 2024 &#8211; D\u00e9part de la Grande Plage SGXV<\/a><\/p>\n<p><a class=\"fasc-button fasc-size-medium fasc-type-flat fasc-ico-before dashicons-camera\" style=\"background-color: #33809e; color: #ffffff;\" target=\"_blank\" rel=\"noopener\" href=\"https:\/\/photos.app.goo.gl\/Zu8F6s6SJYtbFbgTA\">Photos 2024 &#8211; En for\u00eat<\/a><\/p>\n<p><a class=\"fasc-button fasc-size-medium fasc-type-flat fasc-ico-before dashicons-camera\" style=\"background-color: #33809e; color: #ffffff;\" target=\"_blank\" rel=\"noopener\" href=\"https:\/\/photos.app.goo.gl\/4kZCtrsxdDLzad6d8\">Photos 2024 &#8211; La Sauzaie<\/a><\/p>\n<p><a class=\"fasc-button fasc-size-medium fasc-type-flat fasc-ico-before dashicons-camera\" style=\"background-color: #33809e; color: #ffffff;\" target=\"_blank\" rel=\"noopener\" href=\"https:\/\/photos.app.goo.gl\/vghvTVWNvFzZ54358\">Photos 2024 &#8211; La Par\u00e9e<\/a><\/p>\n<p><a class=\"fasc-button fasc-size-medium fasc-type-flat fasc-ico-before dashicons-camera\" style=\"background-color: #33809e; color: #ffffff;\" target=\"_blank\" rel=\"noopener\" href=\"https:\/\/photos.app.goo.gl\/ci3mLKHpj7cczhtC9\">Photos 2024 &#8211; Arriv\u00e9e<\/a><\/p>\n<p><a class=\"fasc-button fasc-size-medium fasc-type-flat fasc-ico-before dashicons-camera\" style=\"background-color: #33809e; color: #ffffff;\" target=\"_blank\" rel=\"noopener\" href=\"https:\/\/photos.app.goo.gl\/gJm6YAaF2Jv16Dt68\">Photos 2024 &#8211; Animations jeunes<\/a><\/p>\n<h2><span style=\"color: #b60f67;\">Photos de l&#8217;\u00e9dition 2023<\/span><\/h2>\n<p>Le JLB tient \u00e0 remercier le <strong>Photo Club Br\u00e9tignollais<\/strong> pour toutes ces photos.<\/p>\n<p><a class=\"fasc-button fasc-size-medium fasc-type-flat fasc-ico-before dashicons-camera\" style=\"background-color: #33809e; color: #ffffff;\" target=\"_blank\" rel=\"noopener\" href=\"https:\/\/photos.app.goo.gl\/43ENDspQ2wMQYCov9\">Photos 2023 &#8211; D\u00e9part de la Grande Plage SGXV<\/a><\/p>\n<p><a class=\"fasc-button fasc-size-medium fasc-type-flat fasc-ico-before dashicons-camera\" style=\"background-color: #33809e; color: #ffffff;\" target=\"_blank\" rel=\"noopener\" href=\"https:\/\/photos.app.goo.gl\/cgDJ2ZT5JgqouSWY9\">Photos 2023 &#8211; La Sauzaie<\/a><\/p>\n<p><a class=\"fasc-button fasc-size-medium fasc-type-flat fasc-ico-before dashicons-camera\" style=\"background-color: #33809e; color: #ffffff;\" target=\"_blank\" rel=\"noopener\" href=\"https:\/\/photos.app.goo.gl\/HWBgNtyWMNCQo35t5\">Photos 2023 &#8211; La Par\u00e9e<\/a>&nbsp;<\/p>\n<p><a class=\"fasc-button fasc-size-medium fasc-type-flat fasc-ico-before dashicons-camera\" style=\"background-color: #33809e; color: #ffffff;\" target=\"_blank\" rel=\"noopener\" href=\"https:\/\/photos.app.goo.gl\/AwJmTYvLmDiKX9aKA\">Photos 2023 &#8211; Arriv\u00e9e<\/a><\/p>\n<p><a class=\"fasc-button fasc-size-medium fasc-type-flat fasc-ico-before dashicons-camera\" style=\"background-color: #33809e; color: #ffffff;\" target=\"_blank\" rel=\"noopener\" href=\"https:\/\/photos.app.goo.gl\/iAxqcPt6BjjEKzQK6\">Photos 2023 &#8211; Animations jeunes<\/a><\/p>\n<h2><span style=\"color: #b60f67;\">Photos de l&#8217;\u00e9dition 2022<\/span><\/h2>\n<p>Le JLB tient \u00e0 remercier&nbsp;le <strong>Photo Club Br\u00e9tignollais<\/strong> pour toutes ces photos (plus de 1500!).<\/p>\n<p><a class=\"fasc-button fasc-size-medium fasc-type-flat fasc-ico-before dashicons-camera\" style=\"background-color: #33809e; color: #ffffff;\" target=\"_blank\" rel=\"noopener\" href=\"http:\/\/joggingloisirbretignollais.com\/?page_id=506352\">Photos 2022 &#8211; D\u00e9part de la Grande Plage SGXV<\/a><\/p>\n<p><a class=\"fasc-button fasc-size-medium fasc-type-flat fasc-ico-before dashicons-camera\" style=\"background-color: #33809e; color: #ffffff;\" target=\"_blank\" rel=\"noopener\" href=\"http:\/\/joggingloisirbretignollais.com\/?page_id=506352\">Photos 2022 &#8211; Piste cyclable SGXV<\/a><\/p>\n<p><a class=\"fasc-button fasc-size-medium fasc-type-flat fasc-ico-before dashicons-camera\" style=\"background-color: #33809e; color: #ffffff;\" target=\"_blank\" rel=\"noopener\" href=\"http:\/\/joggingloisirbretignollais.com\/?page_id=506352\">Photos 2022 &#8211; 3\u00e8meKM<\/a><\/p>\n<p><a class=\"fasc-button fasc-size-medium fasc-type-flat fasc-ico-before dashicons-camera\" style=\"background-color: #33809e; color: #ffffff;\" target=\"_blank\" rel=\"noopener\" href=\"http:\/\/joggingloisirbretignollais.com\/?page_id=506818\">Photos 2022 &#8211; La Par\u00e9e<\/a>&nbsp;<\/p>\n<p><a class=\"fasc-button fasc-size-medium fasc-type-flat fasc-ico-before dashicons-camera\" style=\"background-color: #33809e; color: #ffffff;\" target=\"_blank\" rel=\"noopener\" href=\"http:\/\/joggingloisirbretignollais.com\/?page_id=506652\">Photos 2022 &#8211; Marais Girard &amp; Normandeli\u00e8re<\/a>&nbsp;<\/p>\n<p><a class=\"fasc-button fasc-size-medium fasc-type-flat fasc-ico-before dashicons-camera\" style=\"background-color: #33809e; color: #ffffff;\" target=\"_blank\" rel=\"noopener\" href=\"http:\/\/joggingloisirbretignollais.com\/?page_id=506949\">Photos 2022 &#8211; Course enfants &amp; arriv\u00e9e Normandeli\u00e8re<\/a>&nbsp;<\/p>\n<h2><span style=\"color: #b60f67;\">Photos de l&#8217;\u00e9dition 2019<\/span><\/h2>\n<p>Le JLB tient \u00e0 remercier&nbsp;le <strong>Photo Club Br\u00e9tignollais<\/strong> pour toutes ces photos (plus de 1500!).<\/p>\n<p><a class=\"fasc-button fasc-size-medium fasc-type-flat fasc-ico-before dashicons-camera\" style=\"background-color: #33809e; color: #ffffff;\" target=\"_blank\" rel=\"noopener\" href=\"http:\/\/joggingloisirbretignollais.com\/?page_id=496996\">Photos 2019 &#8211; Animations Jeunes<\/a><br \/>\n<a class=\"fasc-button fasc-size-medium fasc-type-flat fasc-ico-before dashicons-camera\" style=\"background-color: #33809e; color: #ffffff;\" target=\"_blank\" rel=\"noopener\" href=\"http:\/\/joggingloisirbretignollais.com\/?page_id=498069\">Photos 2019 \u2013 4,5km \u2013 D\u00e9part<\/a><br \/>\n<a class=\"fasc-button fasc-size-medium fasc-type-flat fasc-ico-before dashicons-camera\" style=\"background-color: #33809e; color: #ffffff;\" target=\"_blank\" rel=\"noopener\" href=\"http:\/\/joggingloisirbretignollais.com\/?page_id=498090\">Photos 2019 \u2013 4,5km \u2013 La Sauzaie<\/a><br \/>\n<a class=\"fasc-button fasc-size-medium fasc-type-flat fasc-ico-before dashicons-camera\" style=\"background-color: #33809e; color: #ffffff;\" target=\"_blank\" rel=\"noopener\" href=\"http:\/\/joggingloisirbretignollais.com\/?page_id=498102\">Photos 2019 \u2013 4,5km \u2013 Arriv\u00e9e<\/a><br \/>\n<a class=\"fasc-button fasc-size-medium fasc-type-flat fasc-ico-before dashicons-camera\" style=\"background-color: #33809e; color: #ffffff;\" target=\"_blank\" rel=\"noopener\" href=\"http:\/\/joggingloisirbretignollais.com\/?page_id=498116\">Photos 2019 \u2013 12,5km \u2013 D\u00e9part<\/a><br \/>\n<a class=\"fasc-button fasc-size-medium fasc-type-flat fasc-ico-before dashicons-camera\" style=\"background-color: #33809e; color: #ffffff;\" target=\"_blank\" rel=\"noopener\" href=\"http:\/\/joggingloisirbretignollais.com\/?page_id=498135\">Photos 2019 \u2013 12,5km \u2013 La For\u00eat<\/a><br \/>\n<a class=\"fasc-button fasc-size-medium fasc-type-flat fasc-ico-before dashicons-camera\" style=\"background-color: #33809e; color: #ffffff;\" target=\"_blank\" rel=\"noopener\" href=\"http:\/\/joggingloisirbretignollais.com\/?page_id=498147\">Photos 2019 \u2013 12,5km \u2013 La Sauzaie<\/a><br \/>\n<a class=\"fasc-button fasc-size-medium fasc-type-flat fasc-ico-before dashicons-camera\" style=\"background-color: #33809e; color: #ffffff;\" target=\"_blank\" rel=\"noopener\" href=\"http:\/\/joggingloisirbretignollais.com\/?page_id=498109\">Photos 2019 \u2013 12,5km \u2013 Arriv\u00e9e<\/a><br \/>\n<a class=\"fasc-button fasc-size-medium fasc-type-flat fasc-ico-before dashicons-camera\" style=\"background-color: #33809e; color: #ffffff;\" target=\"_blank\" rel=\"noopener\" href=\"http:\/\/joggingloisirbretignollais.com\/?page_id=498123\">Photos 2019 \u2013 12,5km \u2013 Remise des r\u00e9compenses<\/a><\/p>\n<h2>&nbsp;<\/h2>\n<h2><span style=\"color: #b60f67;\">Photos de l&#8217;\u00e9dition 2018<\/span><\/h2>\n<p>Le JLB tient \u00e0 remercier&nbsp;le <strong>Photo Club Br\u00e9tignollais<\/strong> pour toutes ces photos (plus de 1200!).<\/p>\n<p><a class=\"fasc-button fasc-size-medium fasc-type-flat fasc-ico-before dashicons-camera\" style=\"background-color: #33809e; color: #ffffff;\" target=\"_blank\" rel=\"noopener\" href=\"http:\/\/joggingloisirbretignollais.com\/?page_id=493603\">Photos 2018 &#8211; Animations Jeunes<\/a><br \/>\n<a class=\"fasc-button fasc-size-medium fasc-type-flat fasc-ico-before dashicons-camera\" style=\"background-color: #33809e; color: #ffffff;\" target=\"_blank\" rel=\"noopener\" href=\"http:\/\/joggingloisirbretignollais.com\/?page_id=493633\">Photos 2018 &#8211; 4,7km<\/a><br \/>\n<a class=\"fasc-button fasc-size-medium fasc-type-flat fasc-ico-before dashicons-camera\" style=\"background-color: #33809e; color: #ffffff;\" target=\"_blank\" rel=\"noopener\" href=\"http:\/\/joggingloisirbretignollais.com\/?page_id=493650\">Photos 2018 &#8211; Dans la for\u00eat<\/a><br \/>\n<a class=\"fasc-button fasc-size-medium fasc-type-flat fasc-ico-before dashicons-camera\" style=\"background-color: #33809e; color: #ffffff;\" target=\"_blank\" rel=\"noopener\" href=\"http:\/\/joggingloisirbretignollais.com\/?page_id=493540\">Photos 2018 &#8211; Arriv\u00e9e<\/a><br \/>\n<a class=\"fasc-button fasc-size-medium fasc-type-flat fasc-ico-before dashicons-camera\" style=\"background-color: #33809e; color: #ffffff;\" target=\"_blank\" rel=\"noopener\" href=\"http:\/\/joggingloisirbretignollais.com\/?page_id=493580\">Photos 2018 &#8211; Remise des Prix<\/a><\/p>\n<h2>&nbsp;<\/h2>\n<h2><span style=\"color: #b60f67;\">Photos de l&#8217;\u00e9dition 2017<\/span><\/h2>\n<p>Le JLB tient \u00e0 remercier&nbsp;le <strong>Photo Club Br\u00e9tignollais<\/strong> pour toutes ces photos (plus de 1500!).<\/p>\n<p><a class=\"fasc-button fasc-size-medium fasc-type-flat fasc-ico-before dashicons-camera\" style=\"background-color: #33809e; color: #ffffff;\" target=\"_blank\" rel=\"noopener\" href=\"http:\/\/joggingloisirbretignollais.com\/?page_id=448859\">Photos 2017 &#8211; Animations Jeunes<\/a><br \/>\n<a class=\"fasc-button fasc-size-medium fasc-type-flat fasc-ico-before dashicons-camera\" style=\"background-color: #33809e; color: #ffffff;\" target=\"_blank\" rel=\"noopener\" href=\"http:\/\/joggingloisirbretignollais.com\/?page_id=448862\">Photos 2017 &#8211; D\u00e9part<\/a><br \/>\n<a class=\"fasc-button fasc-size-medium fasc-type-flat fasc-ico-before dashicons-camera\" style=\"background-color: #33809e; color: #ffffff;\" target=\"_blank\" rel=\"noopener\" href=\"http:\/\/joggingloisirbretignollais.com\/?page_id=450008\">Photos 2017 &#8211; Kilom\u00e8tre&nbsp;2<\/a><br \/>\n<a class=\"fasc-button fasc-size-medium fasc-type-flat fasc-ico-before dashicons-camera\" style=\"background-color: #33809e; color: #ffffff;\" target=\"_blank\" rel=\"noopener\" href=\"http:\/\/joggingloisirbretignollais.com\/?page_id=450202\">Photos 2017 &#8211; Kilom\u00e8tre&nbsp;6<\/a><br \/>\n<a class=\"fasc-button fasc-size-medium fasc-type-flat fasc-ico-before dashicons-camera\" style=\"background-color: #33809e; color: #ffffff;\" target=\"_blank\" rel=\"noopener\" href=\"http:\/\/joggingloisirbretignollais.com\/?page_id=450663\">Photos 2017 &#8211; Kilom\u00e8tre&nbsp;7<\/a><br \/>\n<a class=\"fasc-button fasc-size-medium fasc-type-flat fasc-ico-before dashicons-camera\" style=\"background-color: #33809e; color: #ffffff;\" target=\"_blank\" rel=\"noopener\" href=\"http:\/\/joggingloisirbretignollais.com\/?page_id=448865\">Photos 2017 &#8211; Kilom\u00e8tre&nbsp;8<\/a><br \/>\n<a class=\"fasc-button fasc-size-medium fasc-type-flat fasc-ico-before dashicons-camera\" style=\"background-color: #33809e; color: #ffffff;\" target=\"_blank\" rel=\"noopener\" href=\"http:\/\/joggingloisirbretignollais.com\/?page_id=450736\">Photos 2017 &#8211; Arriv\u00e9e<\/a><br \/>\n<a class=\"fasc-button fasc-size-medium fasc-type-flat fasc-ico-before dashicons-camera\" style=\"background-color: #33809e; color: #ffffff;\" target=\"_blank\" rel=\"noopener\" href=\"http:\/\/joggingloisirbretignollais.com\/?page_id=450758\">Photos 2017 &#8211; Remise des Prix<\/a><\/p>\n<h2>&nbsp;<\/h2>\n<h2><span style=\"color: #b60f67;\">Photos de l&#8217;\u00e9dition 2016<\/span><\/h2>\n<p>Le JLB tient \u00e0 remercier&nbsp;le <strong>Photo Club Br\u00e9tignollais<\/strong> pour toutes ces photos (pas moins de 1300!)<\/p>\n<p>Pour acc\u00e9der aux diff\u00e9rentes galeries photos, vous pouvez cliquer sur les petits appareils photo ou utiliser les liens sous la carte.<\/p>\n<h4>&nbsp;<\/h4>\n<p><a class=\"fasc-button fasc-size-medium fasc-type-flat fasc-ico-before dashicons-camera\" style=\"background-color: #33809e; color: #ffffff;\" target=\"_blank\" rel=\"noopener\" href=\"http:\/\/joggingloisirbretignollais.com\/?page_id=139003\">Photos 2016 &#8211; Animations jeunes<\/a><br \/>\n<a class=\"fasc-button fasc-size-medium fasc-type-flat fasc-ico-before dashicons-camera\" style=\"background-color: #33809e; color: #ffffff;\" target=\"_blank\" rel=\"noopener\" href=\"http:\/\/joggingloisirbretignollais.com\/?page_id=138995\">Photos 2016 &#8211; D\u00e9part<\/a><br \/>\n<a class=\"fasc-button fasc-size-medium fasc-type-flat fasc-ico-before dashicons-camera\" style=\"background-color: #33809e; color: #ffffff;\" target=\"_blank\" rel=\"noopener\" href=\"http:\/\/joggingloisirbretignollais.com\/?page_id=138987\">Photos 2016 &#8211; Kilom\u00e8tre 5,5<\/a><br \/>\n<a class=\"fasc-button fasc-size-medium fasc-type-flat fasc-ico-before dashicons-camera\" style=\"background-color: #33809e; color: #ffffff;\" target=\"_blank\" rel=\"noopener\" href=\"http:\/\/joggingloisirbretignollais.com\/?page_id=138653\">Photos 2016 &#8211; Kilom\u00e8tre 6,5<\/a><br \/>\n<a class=\"fasc-button fasc-size-medium fasc-type-flat fasc-ico-before dashicons-camera\" style=\"background-color: #33809e; color: #ffffff;\" target=\"_blank\" rel=\"noopener\" href=\"http:\/\/joggingloisirbretignollais.com\/?page_id=139008\">Photos 2016 &#8211; Kilom\u00e8tre 8,5<\/a><br \/>\n<a class=\"fasc-button fasc-size-medium fasc-type-flat fasc-ico-before dashicons-camera\" style=\"background-color: #33809e; color: #ffffff;\" target=\"_blank\" rel=\"noopener\" href=\"http:\/\/joggingloisirbretignollais.com\/?page_id=139000\">Photos 2016 &#8211; Arriv\u00e9e<\/a><\/p>\n<h2>&nbsp;<\/h2>\n<h2><span style=\"color: #b60f67;\">Photos de l&#8217;\u00e9dition 2015<\/span><\/h2>\n<p><a class=\"fasc-button fasc-size-medium fasc-type-flat\" style=\"background-color: #33809e; color: #ffffff;\" target=\"_blank\" rel=\"noopener\" href=\"http:\/\/joggingloisirbretignollais.com\/?page_id=929\">&gt;&gt; Photos 2015<\/a><\/p>\n","protected":false},"excerpt":{"rendered":"<p>Photos de l&#8217;\u00e9dition 2025 Un grand merci au Photo Club Br\u00e9tignollais, \u00e0 Rom\u00e9o et \u00e0 L\u00e9ane pour les photos !<\/p>\n","protected":false},"author":1,"featured_media":0,"parent":160,"menu_order":0,"comment_status":"closed","ping_status":"closed","template":"","meta":{"footnotes":""},"class_list":["post-53","page","type-page","status-publish","hentry"],"yoast_head":"<!-- This site is optimized with the Yoast SEO plugin v23.4 - https:\/\/yoast.com\/wordpress\/plugins\/seo\/ -->\n<title>Photos - Jogging Loisir Br\u00e9tignollais<\/title>\n<meta name=\"robots\" content=\"index, follow, max-snippet:-1, max-image-preview:large, max-video-preview:-1\" \/>\n<link rel=\"canonical\" href=\"http:\/\/joggingloisirbretignollais.com\/?page_id=53\" \/>\n<meta property=\"og:locale\" content=\"fr_FR\" \/>\n<meta property=\"og:type\" content=\"article\" \/>\n<meta property=\"og:title\" content=\"Photos - Jogging Loisir Br\u00e9tignollais\" \/>\n<meta property=\"og:description\" content=\"Photos de l&#8217;\u00e9dition 2025 Un grand merci au Photo Club Br\u00e9tignollais, \u00e0 Rom\u00e9o et \u00e0 L\u00e9ane pour les photos !\" \/>\n<meta property=\"og:url\" content=\"http:\/\/joggingloisirbretignollais.com\/?page_id=53\" \/>\n<meta property=\"og:site_name\" content=\"Jogging Loisir Br\u00e9tignollais\" \/>\n<meta property=\"article:publisher\" content=\"https:\/\/www.facebook.com\/Jogging-Loisir-Bretignollais-275760449249401\/timeline\/\" \/>\n<meta property=\"article:modified_time\" content=\"2025-05-06T10:26:34+00:00\" \/>\n<meta name=\"twitter:card\" content=\"summary_large_image\" \/>\n<meta name=\"twitter:label1\" content=\"Dur\u00e9e de lecture estim\u00e9e\" \/>\n\t<meta name=\"twitter:data1\" content=\"3 minutes\" \/>\n<script type=\"application\/ld+json\" class=\"yoast-schema-graph\">{\"@context\":\"https:\/\/schema.org\",\"@graph\":[{\"@type\":\"WebPage\",\"@id\":\"http:\/\/joggingloisirbretignollais.com\/?page_id=53\",\"url\":\"http:\/\/joggingloisirbretignollais.com\/?page_id=53\",\"name\":\"Photos - Jogging Loisir Br\u00e9tignollais\",\"isPartOf\":{\"@id\":\"http:\/\/joggingloisirbretignollais.com\/#website\"},\"datePublished\":\"2015-02-19T22:12:35+00:00\",\"dateModified\":\"2025-05-06T10:26:34+00:00\",\"breadcrumb\":{\"@id\":\"http:\/\/joggingloisirbretignollais.com\/?page_id=53#breadcrumb\"},\"inLanguage\":\"fr-FR\",\"potentialAction\":[{\"@type\":\"ReadAction\",\"target\":[\"http:\/\/joggingloisirbretignollais.com\/?page_id=53\"]}]},{\"@type\":\"BreadcrumbList\",\"@id\":\"http:\/\/joggingloisirbretignollais.com\/?page_id=53#breadcrumb\",\"itemListElement\":[{\"@type\":\"ListItem\",\"position\":1,\"name\":\"Accueil\",\"item\":\"http:\/\/joggingloisirbretignollais.com\/\"},{\"@type\":\"ListItem\",\"position\":2,\"name\":\"La Course des 2 Plages\",\"item\":\"http:\/\/joggingloisirbretignollais.com\/?page_id=160\"},{\"@type\":\"ListItem\",\"position\":3,\"name\":\"Photos\"}]},{\"@type\":\"WebSite\",\"@id\":\"http:\/\/joggingloisirbretignollais.com\/#website\",\"url\":\"http:\/\/joggingloisirbretignollais.com\/\",\"name\":\"Jogging Loisir Br\u00e9tignollais\",\"description\":\"courir \u00e0 Br\u00e9tignolles !\",\"publisher\":{\"@id\":\"http:\/\/joggingloisirbretignollais.com\/#organization\"},\"potentialAction\":[{\"@type\":\"SearchAction\",\"target\":{\"@type\":\"EntryPoint\",\"urlTemplate\":\"http:\/\/joggingloisirbretignollais.com\/?s={search_term_string}\"},\"query-input\":{\"@type\":\"PropertyValueSpecification\",\"valueRequired\":true,\"valueName\":\"search_term_string\"}}],\"inLanguage\":\"fr-FR\"},{\"@type\":\"Organization\",\"@id\":\"http:\/\/joggingloisirbretignollais.com\/#organization\",\"name\":\"Jogging Loisir Br\u00e9tignollais\",\"url\":\"http:\/\/joggingloisirbretignollais.com\/\",\"logo\":{\"@type\":\"ImageObject\",\"inLanguage\":\"fr-FR\",\"@id\":\"http:\/\/joggingloisirbretignollais.com\/#\/schema\/logo\/image\/\",\"url\":\"https:\/\/joggingloisirbretignollais.com\/wp-content\/uploads\/2015\/02\/logfffordd2-Copie1.jpg\",\"contentUrl\":\"https:\/\/joggingloisirbretignollais.com\/wp-content\/uploads\/2015\/02\/logfffordd2-Copie1.jpg\",\"width\":2304,\"height\":620,\"caption\":\"Jogging Loisir Br\u00e9tignollais\"},\"image\":{\"@id\":\"http:\/\/joggingloisirbretignollais.com\/#\/schema\/logo\/image\/\"},\"sameAs\":[\"https:\/\/www.facebook.com\/Jogging-Loisir-Bretignollais-275760449249401\/timeline\/\"]}]}<\/script>\n<!-- \/ Yoast SEO plugin. -->","yoast_head_json":{"title":"Photos - Jogging Loisir Br\u00e9tignollais","robots":{"index":"index","follow":"follow","max-snippet":"max-snippet:-1","max-image-preview":"max-image-preview:large","max-video-preview":"max-video-preview:-1"},"canonical":"http:\/\/joggingloisirbretignollais.com\/?page_id=53","og_locale":"fr_FR","og_type":"article","og_title":"Photos - Jogging Loisir Br\u00e9tignollais","og_description":"Photos de l&#8217;\u00e9dition 2025 Un grand merci au Photo Club Br\u00e9tignollais, \u00e0 Rom\u00e9o et \u00e0 L\u00e9ane pour les photos !","og_url":"http:\/\/joggingloisirbretignollais.com\/?page_id=53","og_site_name":"Jogging Loisir Br\u00e9tignollais","article_publisher":"https:\/\/www.facebook.com\/Jogging-Loisir-Bretignollais-275760449249401\/timeline\/","article_modified_time":"2025-05-06T10:26:34+00:00","twitter_card":"summary_large_image","twitter_misc":{"Dur\u00e9e de lecture estim\u00e9e":"3 minutes"},"schema":{"@context":"https:\/\/schema.org","@graph":[{"@type":"WebPage","@id":"http:\/\/joggingloisirbretignollais.com\/?page_id=53","url":"http:\/\/joggingloisirbretignollais.com\/?page_id=53","name":"Photos - Jogging Loisir Br\u00e9tignollais","isPartOf":{"@id":"http:\/\/joggingloisirbretignollais.com\/#website"},"datePublished":"2015-02-19T22:12:35+00:00","dateModified":"2025-05-06T10:26:34+00:00","breadcrumb":{"@id":"http:\/\/joggingloisirbretignollais.com\/?page_id=53#breadcrumb"},"inLanguage":"fr-FR","potentialAction":[{"@type":"ReadAction","target":["http:\/\/joggingloisirbretignollais.com\/?page_id=53"]}]},{"@type":"BreadcrumbList","@id":"http:\/\/joggingloisirbretignollais.com\/?page_id=53#breadcrumb","itemListElement":[{"@type":"ListItem","position":1,"name":"Accueil","item":"http:\/\/joggingloisirbretignollais.com\/"},{"@type":"ListItem","position":2,"name":"La Course des 2 Plages","item":"http:\/\/joggingloisirbretignollais.com\/?page_id=160"},{"@type":"ListItem","position":3,"name":"Photos"}]},{"@type":"WebSite","@id":"http:\/\/joggingloisirbretignollais.com\/#website","url":"http:\/\/joggingloisirbretignollais.com\/","name":"Jogging Loisir Br\u00e9tignollais","description":"courir \u00e0 Br\u00e9tignolles !","publisher":{"@id":"http:\/\/joggingloisirbretignollais.com\/#organization"},"potentialAction":[{"@type":"SearchAction","target":{"@type":"EntryPoint","urlTemplate":"http:\/\/joggingloisirbretignollais.com\/?s={search_term_string}"},"query-input":{"@type":"PropertyValueSpecification","valueRequired":true,"valueName":"search_term_string"}}],"inLanguage":"fr-FR"},{"@type":"Organization","@id":"http:\/\/joggingloisirbretignollais.com\/#organization","name":"Jogging Loisir Br\u00e9tignollais","url":"http:\/\/joggingloisirbretignollais.com\/","logo":{"@type":"ImageObject","inLanguage":"fr-FR","@id":"http:\/\/joggingloisirbretignollais.com\/#\/schema\/logo\/image\/","url":"https:\/\/joggingloisirbretignollais.com\/wp-content\/uploads\/2015\/02\/logfffordd2-Copie1.jpg","contentUrl":"https:\/\/joggingloisirbretignollais.com\/wp-content\/uploads\/2015\/02\/logfffordd2-Copie1.jpg","width":2304,"height":620,"caption":"Jogging Loisir Br\u00e9tignollais"},"image":{"@id":"http:\/\/joggingloisirbretignollais.com\/#\/schema\/logo\/image\/"},"sameAs":["https:\/\/www.facebook.com\/Jogging-Loisir-Bretignollais-275760449249401\/timeline\/"]}]}},"_links":{"self":[{"href":"https:\/\/joggingloisirbretignollais.com\/index.php?rest_route=\/wp\/v2\/pages\/53"}],"collection":[{"href":"https:\/\/joggingloisirbretignollais.com\/index.php?rest_route=\/wp\/v2\/pages"}],"about":[{"href":"https:\/\/joggingloisirbretignollais.com\/index.php?rest_route=\/wp\/v2\/types\/page"}],"author":[{"embeddable":true,"href":"https:\/\/joggingloisirbretignollais.com\/index.php?rest_route=\/wp\/v2\/users\/1"}],"replies":[{"embeddable":true,"href":"https:\/\/joggingloisirbretignollais.com\/index.php?rest_route=%2Fwp%2Fv2%2Fcomments&post=53"}],"version-history":[{"count":78,"href":"https:\/\/joggingloisirbretignollais.com\/index.php?rest_route=\/wp\/v2\/pages\/53\/revisions"}],"predecessor-version":[{"id":507373,"href":"https:\/\/joggingloisirbretignollais.com\/index.php?rest_route=\/wp\/v2\/pages\/53\/revisions\/507373"}],"up":[{"embeddable":true,"href":"https:\/\/joggingloisirbretignollais.com\/index.php?rest_route=\/wp\/v2\/pages\/160"}],"wp:attachment":[{"href":"https:\/\/joggingloisirbretignollais.com\/index.php?rest_route=%2Fwp%2Fv2%2Fmedia&parent=53"}],"curies":[{"name":"wp","href":"https:\/\/api.w.org\/{rel}","templated":true}]}}